{"id":3,"date":"2022-09-20T14:49:52","date_gmt":"2022-09-20T14:49:52","guid":{"rendered":"http:\/\/localhost\/?page_id=3"},"modified":"2022-10-27T15:26:16","modified_gmt":"2022-10-27T15:26:16","slug":"privacy-policy","status":"publish","type":"page","link":"https:\/\/cliniqueint.com\/index.php\/privacy-policy\/","title":{"rendered":"Privacy Policy"},"content":{"rendered":"\t\t<div data-elementor-type=\"wp-page\" data-elementor-id=\"3\" class=\"elementor elementor-3\">\n\t\t\t\t\t\t<section class=\"elementor-section elementor-top-section elementor-element elementor-element-3b82d0cc elementor-section-boxed elementor-section-height-default elementor-section-height-default\" data-id=\"3b82d0cc\" data-element_type=\"section\">\n\t\t\t\t\t\t<div class=\"elementor-container elementor-column-gap-default\">\n\t\t\t\t\t<div class=\"elementor-column elementor-col-100 elementor-top-column elementor-element elementor-element-5d5db221\" data-id=\"5d5db221\" data-element_type=\"column\">\n\t\t\t<div class=\"elementor-widget-wrap elementor-element-populated\">\n\t\t\t\t\t\t<div class=\"elementor-element elementor-element-5c8ce5db elementor-widget elementor-widget-text-editor\" data-id=\"5c8ce5db\" data-element_type=\"widget\" data-widget_type=\"text-editor.default\">\n\t\t\t\t<div class=\"elementor-widget-container\">\n\t\t\t\t\t\t\t\t\t<p><strong>Politique de confidentialit\u00e9 pour les informations relatives aux soins de sant\u00e9\u00a0<\/strong>:<\/p>\n<p>Plusieurs mesures ont \u00e9t\u00e9 mises en \u0153uvre pour maintenir la protection et la s\u00e9curit\u00e9 des informations personnellement identifiables collect\u00e9es. En plus des garanties techniques, nous utilisons \u00e9galement des contr\u00f4les et des proc\u00e9dures physiques pour prot\u00e9ger vos informations personnellement identifiables que vous pouvez nous soumettre. Cependant, nous ne pouvons pas garantir qu&#8217;il est compl\u00e8tement s\u00e9curis\u00e9 contre les personnes qui pourraient tenter d&#8217;\u00e9chapper \u00e0 nos mesures de s\u00e9curit\u00e9 ou tenter de pirater notre syst\u00e8me et d&#8217;intercepter les transmissions de donn\u00e9es sur Internet pour des raisons malveillantes. Veuillez noter que la plupart des informations transmises sur Internet ne sont pas s\u00e9curis\u00e9es\u00a0; ainsi, la confidentialit\u00e9 ne peut \u00eatre garantie<\/p>\n<p><strong>\u00a0<\/strong><\/p>\n<p><strong>Liens vers d&#8217;autres sites\u00a0:<\/strong><\/p>\n<p>Veuillez noter que certaines pages de ce site Web sont li\u00e9es \u00e0 des sites Web qui ne sont pas g\u00e9r\u00e9s par Clinique Internationale (CI). Les liens de ce site Web vers d&#8217;autres sites Web n&#8217;impliquent pas la validation ou la cr\u00e9dibilit\u00e9 de l&#8217;information ou du produit offert par les sites li\u00e9s. Une fois que vous acc\u00e9dez \u00e0 un autre site, vous \u00eates soumis \u00e0 la politique de confidentialit\u00e9 du nouveau site. Clinique Internationale (CI) ne poss\u00e8de, ne contr\u00f4le, ne g\u00e8re, ne supervise, ne dirige ou n&#8217;intervient de quelque mani\u00e8re que ce soit dans les affaires d&#8217;un site tiers.<\/p>\n<p><strong>\u00a0<\/strong><\/p>\n<p><strong>RENSEIGNEMENTS PERSONNELS.<\/strong><\/p>\n<p>Le site CI est un site gratuit, o\u00f9 aucune authentification n&#8217;est requise. Tout visiteur peut acc\u00e9der \u00e0 tout moment \u00e0 l&#8217;ensemble du site sans fournir aucune information personnelle. Nous ne collectons pas d&#8217;informations permettant de vous identifier personnellement, sauf si vous choisissez de les fournir. De plus, Clinique Internationale ne donne, ne partage, ne vend ou ne transf\u00e8re aucune information personnelle \u00e0 un tiers non li\u00e9 \u00e0 Clinique Internationale, sauf si la loi l&#8217;exige ou avec le consentement du patient par le biais d&#8217;une autorisation appropri\u00e9e. Il est de votre responsabilit\u00e9 de vous assurer que vous nous fournissez une adresse e-mail et d&#8217;autres coordonn\u00e9es exactes et valides.<\/p>\n<p><strong>\u00a0<\/strong><\/p>\n<p><strong>S\u00c9CURIT\u00c9 DE VOS INFORMATIONS<\/strong><\/p>\n<p>Veuillez noter qu&#8217;une fois les informations sont envoy\u00e9es \u00e0 notre site, elles sont conserv\u00e9es dans des bases de donn\u00e9es s\u00e9curis\u00e9es o\u00f9 elles ne sont pas accessibles aux utilisateurs sur Internet.<\/p>\n<p><strong>\u00a0<\/strong><\/p>\n<p><strong>Notre responsabilit\u00e9<\/strong><\/p>\n<p>Actuellement, il est un fait qu&#8217;aucune plate-forme \u00e9lectronique n&#8217;est s\u00e9curis\u00e9e \u00e0 100%, donc par nature, un site Web ne peut pas \u00eatre absolument prot\u00e9g\u00e9 contre les tentatives d&#8217;intrusion intentionnelles ou malveillantes. Vous \u00eates le seul responsable du risque de transmettre vos informations. Clinique Internationale n&#8217;est pas responsable des appareils ou logiciels ou de l&#8217;Internet sur lesquels VOUS transmettez vos informations personnelles confidentielles et ne peut, par cons\u00e9quent, assurer la s\u00e9curit\u00e9 totale de vos informations. Cependant, nous n&#8217;offrons aucune garantie quant \u00e0 la s\u00e9curit\u00e9, l&#8217;int\u00e9grit\u00e9 ou la confidentialit\u00e9 de toute information transmise vers ou depuis ce site Web, ou stock\u00e9e sur ce site Web. En aucun cas, Clinique Internationale ne pourra \u00eatre tenue responsable de tout dommage direct, indirect, sp\u00e9cial, li\u00e9 \u00e0 la sant\u00e9, cons\u00e9cutif ou mon\u00e9taire, y compris les frais et p\u00e9nalit\u00e9s li\u00e9s \u00e0 votre utilisation du mat\u00e9riel publi\u00e9 sur ce site ou sur tout site li\u00e9 \u00e0 ce site.<\/p>\n<p><strong>\u00a0<\/strong><\/p>\n<p><strong>Plaintes<\/strong><\/p>\n<p>Si vous pensez que votre propri\u00e9t\u00e9 intellectuelle ou d&#8217;autres droits sont viol\u00e9s par le site Web, ou si vous n&#8217;\u00eates pas satisfait du site Web ou de tout aspect de notre service, veuillez contacter en premier lieu : info@cliniqueint.com<\/p>\n<p>\u00a0<\/p>\n<p><strong>Politique de confidentialit\u00e9 pour l&#8217;utilisation du site Web et la collecte de donn\u00e9es telles que l&#8217;adresse e-mail, les cookies, etc.<\/strong><\/p>\n<p>Chez Clinique Internationale, nous \u00e9valuons hautement votre vie priv\u00e9e. Clinique Internationale s&#8217;engage \u00e0 maintenir la confidentialit\u00e9 des informations personnellement identifiables. CI a \u00e9labor\u00e9 cette politique de confidentialit\u00e9 pour vous informer de sa politique de collecte et d&#8217;utilisation de ces informations sur son site Web. Parmi les informations que nous apprenons \u00e0 votre sujet lors de votre visite sur notre site Web, nous enregistrons les suivantes : 1-l&#8217;adresse IP \u00e0 partir de laquelle vous acc\u00e9dez \u00e0 Internet : l&#8217;adresse IP (pour Internet Protocol) des ordinateurs qui acc\u00e8dent \u00e0 notre site. Une adresse IP est un num\u00e9ro attribu\u00e9 \u00e0 votre ordinateur lorsque vous acc\u00e9dez \u00e0 Internet. Il ne s&#8217;agit pas d&#8217;informations v\u00e9ritablement personnellement identifiables car de nombreuses personnes diff\u00e9rentes peuvent acc\u00e9der \u00e0 Internet via le m\u00eame ordinateur. Veuillez noter que bien que ces informations ne soient pas personnellement identifiables, nous pouvons d\u00e9terminer \u00e0 partir d&#8217;une adresse IP le fournisseur de services Internet d&#8217;un visiteur et l&#8217;emplacement g\u00e9ographique de son point de connectivit\u00e9. 2- la date et l&#8217;heure d&#8217;acc\u00e8s. 3- le navigateur utilis\u00e9 pour acc\u00e9der \u00e0 notre site. Ces informations sont utilis\u00e9es \u00e0 des fins purement statistiques sur l&#8217;utilisation de notre site Web et pour identifier les performances du syst\u00e8me ou les probl\u00e8mes. Utilisez \u00e9galement ces informations pour am\u00e9liorer les fonctionnalit\u00e9s du site et pour rendre le site plus utile.<\/p>\n<p><strong>\u00a0<\/strong><\/p>\n<p><strong>Utilisation des donn\u00e9es et de l&#8217;adresse e-mail<\/strong><\/p>\n<p>Nous pouvons collecter des informations vous concernant par le biais de formulaires que vous pouvez d\u00e9cider de remplir volontairement. Ces informations personnelles (par exemple, nom\/adresse\/num\u00e9ro de t\u00e9l\u00e9phone\/adresse e-mail), seront utilis\u00e9es pour vous contacter afin de vous envoyer les informations que vous avez demand\u00e9es. Chez Clinique Internationale, nous ne vendrons pas, ne divulguerons pas vos informations personnellement identifiables \u00e0 des fournisseurs tiers. N\u00e9anmoins, Clinique Internationale peut uniquement utiliser ces informations pour vous envoyer des informations mises \u00e0 jour sur nos offres de produits, vous avez le droit de vous d\u00e9sinscrire de ce processus.<\/p>\n<p><strong>\u00a0<\/strong><\/p>\n<p><strong>Nom d&#8217;utilisateur et mot de passe<\/strong><\/p>\n<p>Dans le cas o\u00f9 vous acc\u00e9dez \u00e0 un service n\u00e9cessitant un nom d&#8217;utilisateur et un mot de passe, vous \u00eates seul responsable de la confidentialit\u00e9 stricte de ce nom d&#8217;utilisateur et de ce mot de passe.<\/p>\n<p><strong>Cookies<\/strong><\/p>\n<p>Les cookies sont une technique utilis\u00e9e par les navigateurs Internet pour stocker certaines informations sur votre ordinateur concernant les journaux de sites Web. Ils ne sont pas li\u00e9s \u00e0 des identifiants personnels. Les cookies ne nous disent rien sur qui vous \u00eates ou sur l&#8217;un de vos attributs personnels comme l&#8217;e-mail, l&#8217;adresse ou le num\u00e9ro de t\u00e9l\u00e9phone ou autres. Les cookies install\u00e9s par notre site Web sont utilis\u00e9s uniquement par www.cliniqueint.com Vous pouvez supprimer nos cookies \u00e0 tout moment. De plus, vous pouvez d\u00e9sactiver l&#8217;utilisation des cookies depuis les param\u00e8tres de votre navigateur. Pour d\u00e9sactiver ou limiter l&#8217;utilisation des cookies, veuillez-vous r\u00e9f\u00e9rer aux options propos\u00e9es par votre navigateur Internet. \u00c9tant donn\u00e9 que les cookies am\u00e9liorent votre exp\u00e9rience lors de l&#8217;utilisation de notre site Web, nous vous recommandons de les laisser activ\u00e9s.<\/p>\n<p>\u00a0<\/p>\n<p><strong>Clause de non-responsabilit\u00e9 concernant les informations de sant\u00e9 pr\u00e9sent\u00e9es sur le site :<\/strong><\/p>\n<p><strong>Avis de non-responsabilit\u00e9 m\u00e9dicale<\/strong><\/p>\n<p>Toute information sur ce site est par nature une information g\u00e9n\u00e9rale et ne vise pas \u00e0 remplacer une visite dans un centre m\u00e9dical ou une consultation aupr\u00e8s d&#8217;un professionnel de la sant\u00e9. Ce site Web ne constitue pas un avis m\u00e9dical professionnel. Veuillez noter qu&#8217;aucun rem\u00e8de ou information fourni ne doit \u00eatre utilis\u00e9 sans consulter un m\u00e9decin ou un m\u00e9decin qualifi\u00e9. Les informations fournies sur notre site Web ne doivent pas remplacer l&#8217;avis m\u00e9dical d&#8217;un m\u00e9decin. Clinique Internationale ne sera pas responsable des complications m\u00e9dicales qui auraient pu se d\u00e9velopper en suivant le contenu de ce site Web. S&#8217;il s&#8217;agit d&#8217;une urgence m\u00e9dicale, veuillez imm\u00e9diatement appeler les services ambulatoires ou vous rendre au service d&#8217;urgence le plus proche pour obtenir rapidement des soins m\u00e9dicaux. Comme nous ne nous engageons en aucun cas \u00e0 r\u00e9pondre \u00e0 toute demande ou consultation via ce site Web ou \u00e0 garantir une r\u00e9ponse \u00e0 la mode et en temps opportun par toute communication \u00e9lectronique. Ce site Web n&#8217;est pas con\u00e7u pour traiter les cas d&#8217;urgence. Bien que notre contenu d&#8217;informations sur la sant\u00e9 soit r\u00e9guli\u00e8rement examin\u00e9 et approuv\u00e9 par des professionnels de la sant\u00e9 pour s&#8217;assurer que le contenu de ce site Web est exact et opportun, il ne doit pas \u00eatre consid\u00e9r\u00e9 comme officiel. Il est conseill\u00e9 aux visiteurs de ce site Web de consulter un expert de la sant\u00e9 avant de prendre toute d\u00e9cision bas\u00e9e sur ces informations. Des opportunit\u00e9s d&#8217;emploi \u00e0 Clinique Internationale sont r\u00e9guli\u00e8rement publi\u00e9es sur ce site Web, mais Clinique Internationale se r\u00e9serve le droit d&#8217;annuler, de modifier et de n\u00e9gliger toute publication sans pr\u00e9avis ni responsabilit\u00e9. Clinique Internationale ne garantit pas l&#8217;exactitude, la pertinence ou l&#8217;exhaustivit\u00e9 des informations et n&#8217;est pas responsable des erreurs ou omissions ou des r\u00e9sultats obtenus \u00e0 partir de l&#8217;utilisation de ces informations. Veuillez noter que certaines pages de ce site Web sont li\u00e9es \u00e0 des sites Web non g\u00e9r\u00e9s par Clinique Internationale. Clinique Internationale n&#8217;examine, ne contr\u00f4le ni n&#8217;assume la responsabilit\u00e9 du contenu de ces sites Web. L&#8217;utilisation du site est enti\u00e8rement \u00e0 vos propres risques, et en aucun cas Clinique Internationale ne pourra \u00eatre tenue responsable de tout dommage direct, indirect, accessoire, cons\u00e9cutif, sp\u00e9cial, exemplaire, punitif ou de tout autre dommage p\u00e9cuniaire ou autre, frais, amendes, p\u00e9nalit\u00e9s, ou les responsabilit\u00e9s d\u00e9coulant de ou li\u00e9es de quelque mani\u00e8re que ce soit \u00e0 ce service, ou aux sites accessibles via ce service, et\/ou au contenu ou aux informations fournis ici.<\/p>\n<p><strong>\u00a0<\/strong><\/p>\n<p><strong>Termes et conditions d&#8217;utilisation du site Web :<\/strong><\/p>\n<p>Les informations fournies sur ce site sont uniquement \u00e0 des fins d&#8217;information et de service m\u00e9dical. En utilisant les pages de ce site, vous acceptez ces termes et conditions.<\/p>\n<p><strong>\u00a0<\/strong><\/p>\n<p><strong>Utilisation du site Web\u00a0:<\/strong><\/p>\n<p>L&#8217;utilisation de www.cliniqueint.com est soumise aux conditions d&#8217;utilisation suivantes.<\/p>\n<p><strong>Disponibilit\u00e9 :<\/strong><\/p>\n<p>Clinique Internationale s&#8217;efforce de fournir un service stable et excellent aux visiteurs de son site Web. Cependant Clinique Internationale se r\u00e9serve le droit de d\u00e9sactiver ce site Internet enti\u00e8rement ou certaines fonctionnalit\u00e9s du site Internet temporairement ou d\u00e9finitivement \u00e0 tout moment et sans pr\u00e9avis.<\/p>\n<p><strong>\u00a0<\/strong><\/p>\n<p><strong>Restrictions d&#8217;utilisation\u00a0:<\/strong><\/p>\n<p>Le mat\u00e9riel de ce site ne peut \u00eatre copi\u00e9 ou distribu\u00e9, ou republi\u00e9, utilis\u00e9 de quelque mani\u00e8re que ce soit, qu&#8217;il soit mat\u00e9riel, logiciel ou affich\u00e9 sur d&#8217;autres sites et r\u00e9seaux sociaux sans le consentement de Clinique Internationale.<\/p>\n<p>\u00a0<\/p>\n<p><strong>Responsabilit\u00e9 :<\/strong><\/p>\n<p>Clinique Internationale ne sera pas responsable des dommages ou blessures caus\u00e9s par, y compris mais sans s&#8217;y limiter, tout d\u00e9faut d&#8217;ex\u00e9cution, erreur, omission, interruption, d\u00e9faut, retard dans le fonctionnement de la transmission, virus informatique ou panne de ligne ou d&#8217;autres utilisateurs non autoris\u00e9s ou les pirates tentant d&#8217;acc\u00e9der \u00e0 ce site Web ou aux informations transmises vers ou depuis ce site. Nous ne vous donnons aucune garantie quant au fonctionnement du site Web, \u00e0 la disponibilit\u00e9 du site Web ou \u00e0 la possibilit\u00e9 d&#8217;obtenir des r\u00e9sultats \u00e0 partir du site Web. De m\u00eame, aucun des tiers qui fournissent le contenu du site Web ne vous donne de garantie sur son fonctionnement, sa disponibilit\u00e9 ou les r\u00e9sultats que vous pouvez en tirer. Toute responsabilit\u00e9 li\u00e9e \u00e0 la qualit\u00e9 et aux performances du site Web, ou \u00e0 l&#8217;exactitude ou \u00e0 l&#8217;exhaustivit\u00e9 du contenu du site Web, vous appartient. Nous ne sommes pas responsables des actes ou dommages r\u00e9sultant de votre utilisation ou de votre incapacit\u00e9 \u00e0 utiliser le site Web de quelque mani\u00e8re que ce soit. De m\u00eame, aucun des tiers qui fournissent le contenu du site Web n&#8217;est responsable des actes ou des dommages r\u00e9sultant de votre utilisation ou de votre incapacit\u00e9 \u00e0 utiliser le site Web. Dans le cas o\u00f9 vous acc\u00e9dez \u00e0 des services du site Web n\u00e9cessitant un nom d&#8217;utilisateur et un mot de passe, vous \u00eates seul responsable de la confidentialit\u00e9 stricte de ce nom d&#8217;utilisateur et de ce mot de passe.<\/p>\n<p><strong>\u00a0<\/strong><\/p>\n<p><strong>Utiliser le site Web comme lien\u00a0:<\/strong><\/p>\n<p>Vous n&#8217;\u00eates en aucun cas autoris\u00e9 \u00e0 cr\u00e9er un lien vers le site de Clinique Internationale sans l&#8217;accord pr\u00e9alable de la direction de Clinique Internationale.<\/p>\n<p><strong>\u00a0<\/strong><\/p>\n<p><strong>Demandes\u00a0:<\/strong><\/p>\n<p>CI s&#8217;engage \u00e0 respecter des normes \u00e9lev\u00e9es de qualit\u00e9 et de service. N\u00e9anmoins, Clinique Internationale n&#8217;est pas tenue de r\u00e9pondre ou de prendre en consid\u00e9ration toute information soumise par un visiteur et aucun engagement d&#8217;action n&#8217;est promis concernant tout message publi\u00e9 par un visiteur sur ce site. Tout le contenu de ce site, y compris la contribution des visiteurs, est la propri\u00e9t\u00e9 de Clinique Internationale et celle-ci est seule titulaire du droit de divulguer ou non ces informations.<\/p>\n<p><strong>\u00a0<\/strong><\/p>\n<p><strong>Propri\u00e9t\u00e9 intellectuelle<\/strong><\/p>\n<p>Clinique Internationale est l&#8217;unique propri\u00e9taire de ce site Web, y compris, mais sans s&#8217;y limiter, son style, sa structure et son contenu. Tous les documents et informations de ce site Web sont prot\u00e9g\u00e9s par le droit d&#8217;auteur et d&#8217;autres droits de propri\u00e9t\u00e9 intellectuelle, et ne peuvent \u00eatre utilis\u00e9s par vous, sauf dans les cas express\u00e9ment pr\u00e9vus dans le pr\u00e9sent Contrat d&#8217;utilisation. Aucun logo ou tout contenu ou marque ne doit \u00eatre utilis\u00e9 sans l&#8217;autorisation \u00e9crite de son propri\u00e9taire.<\/p>\n<p><strong>\u00a0<\/strong><\/p>\n<p><strong>Indemnit\u00e9<\/strong><\/p>\n<p>Vous acceptez d&#8217;indemniser Clinique Internationale contre tout dommage, perte, responsabilit\u00e9, jugement, co\u00fbt ou d\u00e9pense (y compris les honoraires et frais d&#8217;avocat raisonnables) d\u00e9coulant d&#8217;une r\u00e9clamation d&#8217;un tiers concernant des documents que vous avez publi\u00e9s ou d&#8217;autres mesures prises par vous sur le Site.<\/p>\n<p><strong>\u00a0<\/strong><\/p>\n<p><strong>Droit applicable\u00a0:<\/strong><\/p>\n<p>Vous acceptez que toute r\u00e9clamation ou litige relatif au site Web de Clinique Internationale (www.cliniqueint.com) ou \u00e0 votre utilisation ou \u00e0 votre confiance dans ce site Web doit \u00eatre interpr\u00e9t\u00e9 conform\u00e9ment aux lois de la R\u00e9publique du Congo, sans \u00e9gard \u00e0 ses dispositions relatives aux conflits de lois. Les parties acceptent d&#8217;\u00eatre li\u00e9es et seront soumises \u00e0 la comp\u00e9tence exclusive des tribunaux locaux de Brazzaville.<\/p>\n<p><strong>\u00a0<\/strong><\/p>\n<p><strong>Les erreurs :<\/strong><\/p>\n<p>Tout le contenu, les prix, les produits et la disponibilit\u00e9 des programmes sp\u00e9ciaux et des services sont sujets \u00e0 changement sans pr\u00e9avis. Les erreurs seront corrig\u00e9es lorsqu&#8217;elles seront d\u00e9couvertes, et Clinique Internationale se r\u00e9serve le droit de retirer, d&#8217;annuler ou de modifier toute offre indiqu\u00e9e et de corriger toute erreur, inexactitude ou omission, y compris sans pr\u00e9avis. \u00c0 propos de ces conditions d&#8217;utilisation En utilisant le site Web, vous acceptez les conditions d&#8217;utilisation de cette page. Si vous n&#8217;\u00eates pas d&#8217;accord avec ces conditions d&#8217;utilisation, n&#8217;utilisez pas le site Web. Ces termes et conditions sont sujets \u00e0 r\u00e9vision \u00e0 tout moment, pour quelque raison que ce soit, sans pr\u00e9avis ni responsabilit\u00e9 envers nous et entreront en vigueur imm\u00e9diatement. Les termes et conditions s&#8217;appliquent \u00e0 tous les utilisateurs du site Web sans limitations ni exclusions.<\/p>\n<p>Pour toute clarification sur les conditions d&#8217;utilisation, veuillez nous contacter \u00e0 info@cliniqueint.com<\/p>\t\t\t\t\t\t\t\t<\/div>\n\t\t\t\t<\/div>\n\t\t\t\t\t<\/div>\n\t\t<\/div>\n\t\t\t\t\t<\/div>\n\t\t<\/section>\n\t\t\t\t<\/div>\n\t\t","protected":false},"excerpt":{"rendered":"<p>Politique de confidentialit\u00e9 pour les informations relatives aux soins de sant\u00e9&nbsp;: Plusieurs mesures ont \u00e9t\u00e9 mises en \u0153uvre pour maintenir la protection et la s\u00e9curit\u00e9 des informations personnellement identifiables collect\u00e9es. En plus des garanties techniques, nous utilisons \u00e9galement des contr\u00f4les et des proc\u00e9dures physiques pour prot\u00e9ger vos informations personnellement identifiables que vous pouvez nous soumettre. [&hellip;]<\/p>\n","protected":false},"author":1,"featured_media":0,"parent":0,"menu_order":0,"comment_status":"closed","ping_status":"closed","template":"elementor_header_footer","meta":{"footnotes":""},"class_list":["post-3","page","type-page","status-publish","hentry"],"_links":{"self":[{"href":"https:\/\/cliniqueint.com\/index.php\/wp-json\/wp\/v2\/pages\/3","targetHints":{"allow":["GET"]}}],"collection":[{"href":"https:\/\/cliniqueint.com\/index.php\/wp-json\/wp\/v2\/pages"}],"about":[{"href":"https:\/\/cliniqueint.com\/index.php\/wp-json\/wp\/v2\/types\/page"}],"author":[{"embeddable":true,"href":"https:\/\/cliniqueint.com\/index.php\/wp-json\/wp\/v2\/users\/1"}],"replies":[{"embeddable":true,"href":"https:\/\/cliniqueint.com\/index.php\/wp-json\/wp\/v2\/comments?post=3"}],"version-history":[{"count":6,"href":"https:\/\/cliniqueint.com\/index.php\/wp-json\/wp\/v2\/pages\/3\/revisions"}],"predecessor-version":[{"id":1579,"href":"https:\/\/cliniqueint.com\/index.php\/wp-json\/wp\/v2\/pages\/3\/revisions\/1579"}],"wp:attachment":[{"href":"https:\/\/cliniqueint.com\/index.php\/wp-json\/wp\/v2\/media?parent=3"}],"curies":[{"name":"wp","href":"https:\/\/api.w.org\/{rel}","templated":true}]}}