{"id":1693,"date":"2025-08-27T11:55:03","date_gmt":"2025-08-27T11:55:03","guid":{"rendered":"http:\/\/cliniqueint.com\/?page_id=1693"},"modified":"2025-08-27T11:56:54","modified_gmt":"2025-08-27T11:56:54","slug":"service-de-cancerologie","status":"publish","type":"page","link":"https:\/\/cliniqueint.com\/index.php\/service-de-cancerologie\/","title":{"rendered":"Service de Canc\u00e9rologie"},"content":{"rendered":"\t\t<div data-elementor-type=\"wp-page\" data-elementor-id=\"1693\" class=\"elementor elementor-1693\">\n\t\t\t\t\t\t<section class=\"elementor-section elementor-top-section elementor-element elementor-element-3ddaf93 elementor-section-boxed elementor-section-height-default elementor-section-height-default\" data-id=\"3ddaf93\" data-element_type=\"section\">\n\t\t\t\t\t\t<div class=\"elementor-container elementor-column-gap-default\">\n\t\t\t\t\t<div class=\"elementor-column elementor-col-100 elementor-top-column elementor-element elementor-element-60af204\" data-id=\"60af204\" data-element_type=\"column\">\n\t\t\t<div class=\"elementor-widget-wrap elementor-element-populated\">\n\t\t\t\t\t\t<div class=\"elementor-element elementor-element-c141699 elementor-widget elementor-widget-heading\" data-id=\"c141699\" data-element_type=\"widget\" data-widget_type=\"heading.default\">\n\t\t\t\t<div class=\"elementor-widget-container\">\n\t\t\t\t\t<h2 class=\"elementor-heading-title elementor-size-default\">Service de Canc\u00e9rologie<\/h2>\t\t\t\t<\/div>\n\t\t\t\t<\/div>\n\t\t\t\t\t<\/div>\n\t\t<\/div>\n\t\t\t\t\t<\/div>\n\t\t<\/section>\n\t\t\t\t<section class=\"elementor-section elementor-top-section elementor-element elementor-element-45216e1 elementor-section-boxed elementor-section-height-default elementor-section-height-default\" data-id=\"45216e1\" data-element_type=\"section\">\n\t\t\t\t\t\t<div class=\"elementor-container elementor-column-gap-default\">\n\t\t\t\t\t<div class=\"elementor-column elementor-col-50 elementor-top-column elementor-element elementor-element-2d734af\" data-id=\"2d734af\" data-element_type=\"column\">\n\t\t\t<div class=\"elementor-widget-wrap elementor-element-populated\">\n\t\t\t\t\t\t<div class=\"elementor-element elementor-element-7c7ca5b elementor-widget elementor-widget-image\" data-id=\"7c7ca5b\" data-element_type=\"widget\" data-widget_type=\"image.default\">\n\t\t\t\t<div class=\"elementor-widget-container\">\n\t\t\t\t\t\t\t\t\t\t\t\t\t\t\t<img fetchpriority=\"high\" decoding=\"async\" width=\"612\" height=\"408\" src=\"https:\/\/cliniqueint.com\/wp-content\/uploads\/2025\/08\/photo_2025-08-27_14-56-05.jpg\" class=\"attachment-large size-large wp-image-1695\" alt=\"\" srcset=\"https:\/\/cliniqueint.com\/wp-content\/uploads\/2025\/08\/photo_2025-08-27_14-56-05.jpg 612w, https:\/\/cliniqueint.com\/wp-content\/uploads\/2025\/08\/photo_2025-08-27_14-56-05-300x200.jpg 300w\" sizes=\"(max-width: 612px) 100vw, 612px\" \/>\t\t\t\t\t\t\t\t\t\t\t\t\t\t\t<\/div>\n\t\t\t\t<\/div>\n\t\t\t\t\t<\/div>\n\t\t<\/div>\n\t\t\t\t<div class=\"elementor-column elementor-col-50 elementor-top-column elementor-element elementor-element-ca7104b\" data-id=\"ca7104b\" data-element_type=\"column\">\n\t\t\t<div class=\"elementor-widget-wrap elementor-element-populated\">\n\t\t\t\t\t\t<div class=\"elementor-element elementor-element-a52c251 elementor-widget elementor-widget-text-editor\" data-id=\"a52c251\" data-element_type=\"widget\" data-widget_type=\"text-editor.default\">\n\t\t\t\t<div class=\"elementor-widget-container\">\n\t\t\t\t\t\t\t\t\t<div>Le traitement du cancer exige une approche \u00e0 la fois scientifique et profond\u00e9ment humaine. Nos sp\u00e9cialistes en canc\u00e9rologie accompagnent chaque patient depuis le d\u00e9pistage jusqu\u2019au suivi personnalis\u00e9. Gr\u00e2ce \u00e0 des m\u00e9thodes de diagnostic de pointe et \u00e0 une \u00e9quipe pluridisciplinaire, nous identifions pr\u00e9cis\u00e9ment le type et le stade de la maladie afin de proposer des plans th\u00e9rapeutiques adapt\u00e9s : chimioth\u00e9rapie, radioth\u00e9rapie, immunoth\u00e9rapie ou prise en charge int\u00e9gr\u00e9e. Notre mission est d\u2019allier innovation m\u00e9dicale et soutien psychologique afin d\u2019offrir les meilleures chances de gu\u00e9rison et d\u2019am\u00e9liorer la qualit\u00e9 de vie des patients et de leurs familles.<\/div>\t\t\t\t\t\t\t\t<\/div>\n\t\t\t\t<\/div>\n\t\t\t\t\t<\/div>\n\t\t<\/div>\n\t\t\t\t\t<\/div>\n\t\t<\/section>\n\t\t\t\t<\/div>\n\t\t","protected":false},"excerpt":{"rendered":"<p>Service de Canc\u00e9rologie Le traitement du cancer exige une approche \u00e0 la fois scientifique et profond\u00e9ment humaine. Nos sp\u00e9cialistes en canc\u00e9rologie accompagnent chaque patient depuis le d\u00e9pistage jusqu\u2019au suivi personnalis\u00e9. Gr\u00e2ce \u00e0 des m\u00e9thodes de diagnostic de pointe et \u00e0 une \u00e9quipe pluridisciplinaire, nous identifions pr\u00e9cis\u00e9ment le type et le stade de la maladie afin [&hellip;]<\/p>\n","protected":false},"author":1,"featured_media":0,"parent":0,"menu_order":0,"comment_status":"closed","ping_status":"closed","template":"elementor_header_footer","meta":{"footnotes":""},"class_list":["post-1693","page","type-page","status-publish","hentry"],"_links":{"self":[{"href":"https:\/\/cliniqueint.com\/index.php\/wp-json\/wp\/v2\/pages\/1693","targetHints":{"allow":["GET"]}}],"collection":[{"href":"https:\/\/cliniqueint.com\/index.php\/wp-json\/wp\/v2\/pages"}],"about":[{"href":"https:\/\/cliniqueint.com\/index.php\/wp-json\/wp\/v2\/types\/page"}],"author":[{"embeddable":true,"href":"https:\/\/cliniqueint.com\/index.php\/wp-json\/wp\/v2\/users\/1"}],"replies":[{"embeddable":true,"href":"https:\/\/cliniqueint.com\/index.php\/wp-json\/wp\/v2\/comments?post=1693"}],"version-history":[{"count":7,"href":"https:\/\/cliniqueint.com\/index.php\/wp-json\/wp\/v2\/pages\/1693\/revisions"}],"predecessor-version":[{"id":1701,"href":"https:\/\/cliniqueint.com\/index.php\/wp-json\/wp\/v2\/pages\/1693\/revisions\/1701"}],"wp:attachment":[{"href":"https:\/\/cliniqueint.com\/index.php\/wp-json\/wp\/v2\/media?parent=1693"}],"curies":[{"name":"wp","href":"https:\/\/api.w.org\/{rel}","templated":true}]}}