{"id":1635,"date":"2024-11-19T12:31:02","date_gmt":"2024-11-19T12:31:02","guid":{"rendered":"http:\/\/cliniqueint.com\/?page_id=1635"},"modified":"2024-11-19T12:45:04","modified_gmt":"2024-11-19T12:45:04","slug":"imageriemedicale","status":"publish","type":"page","link":"https:\/\/cliniqueint.com\/index.php\/imageriemedicale\/","title":{"rendered":"Imagerie M\u00e9dicale"},"content":{"rendered":"\t\t<div data-elementor-type=\"wp-page\" data-elementor-id=\"1635\" class=\"elementor elementor-1635\">\n\t\t\t\t\t\t<section class=\"elementor-section elementor-top-section elementor-element elementor-element-c1500d1 elementor-section-boxed elementor-section-height-default elementor-section-height-default\" data-id=\"c1500d1\" data-element_type=\"section\">\n\t\t\t\t\t\t<div class=\"elementor-container elementor-column-gap-default\">\n\t\t\t\t\t<div class=\"elementor-column elementor-col-100 elementor-top-column elementor-element elementor-element-25da1ff\" data-id=\"25da1ff\" data-element_type=\"column\">\n\t\t\t<div class=\"elementor-widget-wrap elementor-element-populated\">\n\t\t\t\t\t\t<div class=\"elementor-element elementor-element-3e7f77b elementor-widget elementor-widget-heading\" data-id=\"3e7f77b\" data-element_type=\"widget\" data-widget_type=\"heading.default\">\n\t\t\t\t<div class=\"elementor-widget-container\">\n\t\t\t\t\t<h2 class=\"elementor-heading-title elementor-size-default\">Imagerie M\u00e9dicale<\/h2>\t\t\t\t<\/div>\n\t\t\t\t<\/div>\n\t\t\t\t\t<\/div>\n\t\t<\/div>\n\t\t\t\t\t<\/div>\n\t\t<\/section>\n\t\t\t\t<section class=\"elementor-section elementor-top-section elementor-element elementor-element-d22a5c0 elementor-section-boxed elementor-section-height-default elementor-section-height-default\" data-id=\"d22a5c0\" data-element_type=\"section\">\n\t\t\t\t\t\t<div class=\"elementor-container elementor-column-gap-default\">\n\t\t\t\t\t<div class=\"elementor-column elementor-col-50 elementor-top-column elementor-element elementor-element-ec24eda\" data-id=\"ec24eda\" data-element_type=\"column\">\n\t\t\t<div class=\"elementor-widget-wrap elementor-element-populated\">\n\t\t\t\t\t\t<div class=\"elementor-element elementor-element-ae95392 elementor-widget elementor-widget-image\" data-id=\"ae95392\" data-element_type=\"widget\" data-widget_type=\"image.default\">\n\t\t\t\t<div class=\"elementor-widget-container\">\n\t\t\t\t\t\t\t\t\t\t\t\t\t\t\t<img fetchpriority=\"high\" decoding=\"async\" width=\"640\" height=\"427\" src=\"https:\/\/cliniqueint.com\/wp-content\/uploads\/2024\/11\/33dcea46-4785-4fe0-a512-b824ab591cda-1024x683.jpg\" class=\"attachment-large size-large wp-image-1637\" alt=\"\" srcset=\"https:\/\/cliniqueint.com\/wp-content\/uploads\/2024\/11\/33dcea46-4785-4fe0-a512-b824ab591cda-1024x683.jpg 1024w, https:\/\/cliniqueint.com\/wp-content\/uploads\/2024\/11\/33dcea46-4785-4fe0-a512-b824ab591cda-300x200.jpg 300w, https:\/\/cliniqueint.com\/wp-content\/uploads\/2024\/11\/33dcea46-4785-4fe0-a512-b824ab591cda-768x512.jpg 768w, https:\/\/cliniqueint.com\/wp-content\/uploads\/2024\/11\/33dcea46-4785-4fe0-a512-b824ab591cda.jpg 1280w\" sizes=\"(max-width: 640px) 100vw, 640px\" \/>\t\t\t\t\t\t\t\t\t\t\t\t\t\t\t<\/div>\n\t\t\t\t<\/div>\n\t\t\t\t\t<\/div>\n\t\t<\/div>\n\t\t\t\t<div class=\"elementor-column elementor-col-50 elementor-top-column elementor-element elementor-element-8ce4d99\" data-id=\"8ce4d99\" data-element_type=\"column\">\n\t\t\t<div class=\"elementor-widget-wrap elementor-element-populated\">\n\t\t\t\t\t\t<div class=\"elementor-element elementor-element-4b7538d elementor-widget elementor-widget-text-editor\" data-id=\"4b7538d\" data-element_type=\"widget\" data-widget_type=\"text-editor.default\">\n\t\t\t\t<div class=\"elementor-widget-container\">\n\t\t\t\t\t\t\t\t\t<div><div><div><div>Service d\u2019Imagerie M\u00e9dicale<\/div><div>\u00a0<\/div><div>Notre service d\u2019imagerie m\u00e9dicale offre une expertise sp\u00e9cialis\u00e9e pour r\u00e9pondre \u00e0 vos besoins diagnostiques. \u00c9quip\u00e9s de technologies modernes, nous r\u00e9alisons des examens tels que radiographies, \u00e9chographies et mammographies, assurant un diagnostic pr\u00e9cis et rapide. Notre \u00e9quipe de radiologues et techniciens qualifi\u00e9s veille \u00e0 ce que chaque examen soit effectu\u00e9 avec soin, dans le respect de votre confort et de votre bien-\u00eatre. Avec une approche centr\u00e9e sur le patient et des r\u00e9sultats fiables bas\u00e9s sur les derni\u00e8res avanc\u00e9es scientifiques, nous vous accompagnons \u00e0 chaque \u00e9tape de votre parcours de soin.<\/div><\/div><\/div><\/div>\t\t\t\t\t\t\t\t<\/div>\n\t\t\t\t<\/div>\n\t\t\t\t\t<\/div>\n\t\t<\/div>\n\t\t\t\t\t<\/div>\n\t\t<\/section>\n\t\t\t\t<\/div>\n\t\t","protected":false},"excerpt":{"rendered":"<p>Imagerie M\u00e9dicale Service d\u2019Imagerie M\u00e9dicale&nbsp;Notre service d\u2019imagerie m\u00e9dicale offre une expertise sp\u00e9cialis\u00e9e pour r\u00e9pondre \u00e0 vos besoins diagnostiques. \u00c9quip\u00e9s de technologies modernes, nous r\u00e9alisons des examens tels que radiographies, \u00e9chographies et mammographies, assurant un diagnostic pr\u00e9cis et rapide. Notre \u00e9quipe de radiologues et techniciens qualifi\u00e9s veille \u00e0 ce que chaque examen soit effectu\u00e9 avec soin, [&hellip;]<\/p>\n","protected":false},"author":1,"featured_media":0,"parent":0,"menu_order":0,"comment_status":"closed","ping_status":"closed","template":"elementor_header_footer","meta":{"footnotes":""},"class_list":["post-1635","page","type-page","status-publish","hentry"],"_links":{"self":[{"href":"https:\/\/cliniqueint.com\/index.php\/wp-json\/wp\/v2\/pages\/1635","targetHints":{"allow":["GET"]}}],"collection":[{"href":"https:\/\/cliniqueint.com\/index.php\/wp-json\/wp\/v2\/pages"}],"about":[{"href":"https:\/\/cliniqueint.com\/index.php\/wp-json\/wp\/v2\/types\/page"}],"author":[{"embeddable":true,"href":"https:\/\/cliniqueint.com\/index.php\/wp-json\/wp\/v2\/users\/1"}],"replies":[{"embeddable":true,"href":"https:\/\/cliniqueint.com\/index.php\/wp-json\/wp\/v2\/comments?post=1635"}],"version-history":[{"count":5,"href":"https:\/\/cliniqueint.com\/index.php\/wp-json\/wp\/v2\/pages\/1635\/revisions"}],"predecessor-version":[{"id":1650,"href":"https:\/\/cliniqueint.com\/index.php\/wp-json\/wp\/v2\/pages\/1635\/revisions\/1650"}],"wp:attachment":[{"href":"https:\/\/cliniqueint.com\/index.php\/wp-json\/wp\/v2\/media?parent=1635"}],"curies":[{"name":"wp","href":"https:\/\/api.w.org\/{rel}","templated":true}]}}