{"id":1622,"date":"2024-11-13T13:42:04","date_gmt":"2024-11-13T13:42:04","guid":{"rendered":"http:\/\/cliniqueint.com\/?page_id=1622"},"modified":"2024-11-19T12:33:11","modified_gmt":"2024-11-19T12:33:11","slug":"nutrition","status":"publish","type":"page","link":"https:\/\/cliniqueint.com\/index.php\/nutrition\/","title":{"rendered":"Nutrition"},"content":{"rendered":"\t\t<div data-elementor-type=\"wp-page\" data-elementor-id=\"1622\" class=\"elementor elementor-1622\">\n\t\t\t\t\t\t<section class=\"elementor-section elementor-top-section elementor-element elementor-element-7eb357c elementor-section-boxed elementor-section-height-default elementor-section-height-default\" data-id=\"7eb357c\" data-element_type=\"section\">\n\t\t\t\t\t\t<div class=\"elementor-container elementor-column-gap-default\">\n\t\t\t\t\t<div class=\"elementor-column elementor-col-100 elementor-top-column elementor-element elementor-element-8f9a459\" data-id=\"8f9a459\" data-element_type=\"column\">\n\t\t\t<div class=\"elementor-widget-wrap elementor-element-populated\">\n\t\t\t\t\t\t<div class=\"elementor-element elementor-element-122253c elementor-widget elementor-widget-heading\" data-id=\"122253c\" data-element_type=\"widget\" data-widget_type=\"heading.default\">\n\t\t\t\t<div class=\"elementor-widget-container\">\n\t\t\t\t\t<h2 class=\"elementor-heading-title elementor-size-default\"><span style=\"font-family: var( --e-global-typography-primary-font-family ), Sans-serif;font-size: 2rem;font-weight: var( --e-global-typography-primary-font-weight )\">Nutritionniste<\/span><\/h2>\t\t\t\t<\/div>\n\t\t\t\t<\/div>\n\t\t\t\t\t<\/div>\n\t\t<\/div>\n\t\t\t\t\t<\/div>\n\t\t<\/section>\n\t\t\t\t<section class=\"elementor-section elementor-top-section elementor-element elementor-element-158718a elementor-section-boxed elementor-section-height-default elementor-section-height-default\" data-id=\"158718a\" data-element_type=\"section\">\n\t\t\t\t\t\t<div class=\"elementor-container elementor-column-gap-default\">\n\t\t\t\t\t<div class=\"elementor-column elementor-col-50 elementor-top-column elementor-element elementor-element-e3568f4\" data-id=\"e3568f4\" data-element_type=\"column\">\n\t\t\t<div class=\"elementor-widget-wrap elementor-element-populated\">\n\t\t\t\t\t\t<div class=\"elementor-element elementor-element-a3418ea elementor-widget elementor-widget-image\" data-id=\"a3418ea\" data-element_type=\"widget\" data-widget_type=\"image.default\">\n\t\t\t\t<div class=\"elementor-widget-container\">\n\t\t\t\t\t\t\t\t\t\t\t\t\t\t\t<img fetchpriority=\"high\" decoding=\"async\" width=\"640\" height=\"427\" src=\"https:\/\/cliniqueint.com\/wp-content\/uploads\/2024\/11\/P20-Nutritionniste.jpg-1024x683.jpeg\" class=\"attachment-large size-large wp-image-1624\" alt=\"Nutritionniste\" srcset=\"https:\/\/cliniqueint.com\/wp-content\/uploads\/2024\/11\/P20-Nutritionniste.jpg-1024x683.jpeg 1024w, https:\/\/cliniqueint.com\/wp-content\/uploads\/2024\/11\/P20-Nutritionniste.jpg-300x200.jpeg 300w, https:\/\/cliniqueint.com\/wp-content\/uploads\/2024\/11\/P20-Nutritionniste.jpg-768x512.jpeg 768w, https:\/\/cliniqueint.com\/wp-content\/uploads\/2024\/11\/P20-Nutritionniste.jpg.jpeg 1280w\" sizes=\"(max-width: 640px) 100vw, 640px\" \/>\t\t\t\t\t\t\t\t\t\t\t\t\t\t\t<\/div>\n\t\t\t\t<\/div>\n\t\t\t\t\t<\/div>\n\t\t<\/div>\n\t\t\t\t<div class=\"elementor-column elementor-col-50 elementor-top-column elementor-element elementor-element-a36645c\" data-id=\"a36645c\" data-element_type=\"column\">\n\t\t\t<div class=\"elementor-widget-wrap elementor-element-populated\">\n\t\t\t\t\t\t<div class=\"elementor-element elementor-element-20ca104 elementor-widget elementor-widget-text-editor\" data-id=\"20ca104\" data-element_type=\"widget\" data-widget_type=\"text-editor.default\">\n\t\t\t\t<div class=\"elementor-widget-container\">\n\t\t\t\t\t\t\t\t\t<div>\n<div><div>Service de Nutrition et Di\u00e9t\u00e9tique<\/div><div><br><\/div><div>Notre service de nutrition et di\u00e9t\u00e9tique offre un accompagnement personnalis\u00e9 pour r\u00e9pondre \u00e0 vos besoins alimentaires et optimiser votre sant\u00e9. Nos di\u00e9t\u00e9ticiens qualifi\u00e9s travaillent en \u00e9troite collaboration avec vous pour \u00e9tablir des plans alimentaires adapt\u00e9s \u00e0 vos objectifs, que ce soit pour la gestion du poids, l\u2019am\u00e9lioration de la performance sportive, la prise en charge des pathologies m\u00e9taboliques (diab\u00e8te, hypertension, etc.) ou le bien-\u00eatre g\u00e9n\u00e9ral. Avec des conseils bas\u00e9s sur des preuves scientifiques et une approche humaine, nous vous aidons \u00e0 adopter un mode de vie sain et durable.<\/div><\/div>\n<\/div>\t\t\t\t\t\t\t\t<\/div>\n\t\t\t\t<\/div>\n\t\t\t\t\t<\/div>\n\t\t<\/div>\n\t\t\t\t\t<\/div>\n\t\t<\/section>\n\t\t\t\t<\/div>\n\t\t","protected":false},"excerpt":{"rendered":"<p>Nutritionniste Service de Nutrition et Di\u00e9t\u00e9tiqueNotre service de nutrition et di\u00e9t\u00e9tique offre un accompagnement personnalis\u00e9 pour r\u00e9pondre \u00e0 vos besoins alimentaires et optimiser votre sant\u00e9. Nos di\u00e9t\u00e9ticiens qualifi\u00e9s travaillent en \u00e9troite collaboration avec vous pour \u00e9tablir des plans alimentaires adapt\u00e9s \u00e0 vos objectifs, que ce soit pour la gestion du poids, l\u2019am\u00e9lioration de la performance [&hellip;]<\/p>\n","protected":false},"author":1,"featured_media":0,"parent":0,"menu_order":0,"comment_status":"closed","ping_status":"closed","template":"elementor_header_footer","meta":{"footnotes":""},"class_list":["post-1622","page","type-page","status-publish","hentry"],"_links":{"self":[{"href":"https:\/\/cliniqueint.com\/index.php\/wp-json\/wp\/v2\/pages\/1622","targetHints":{"allow":["GET"]}}],"collection":[{"href":"https:\/\/cliniqueint.com\/index.php\/wp-json\/wp\/v2\/pages"}],"about":[{"href":"https:\/\/cliniqueint.com\/index.php\/wp-json\/wp\/v2\/types\/page"}],"author":[{"embeddable":true,"href":"https:\/\/cliniqueint.com\/index.php\/wp-json\/wp\/v2\/users\/1"}],"replies":[{"embeddable":true,"href":"https:\/\/cliniqueint.com\/index.php\/wp-json\/wp\/v2\/comments?post=1622"}],"version-history":[{"count":14,"href":"https:\/\/cliniqueint.com\/index.php\/wp-json\/wp\/v2\/pages\/1622\/revisions"}],"predecessor-version":[{"id":1668,"href":"https:\/\/cliniqueint.com\/index.php\/wp-json\/wp\/v2\/pages\/1622\/revisions\/1668"}],"wp:attachment":[{"href":"https:\/\/cliniqueint.com\/index.php\/wp-json\/wp\/v2\/media?parent=1622"}],"curies":[{"name":"wp","href":"https:\/\/api.w.org\/{rel}","templated":true}]}}