{"id":1610,"date":"2024-07-24T10:07:30","date_gmt":"2024-07-24T10:07:30","guid":{"rendered":"http:\/\/cliniqueint.com\/?page_id=1610"},"modified":"2024-07-24T10:09:19","modified_gmt":"2024-07-24T10:09:19","slug":"centre-de-beaute","status":"publish","type":"page","link":"https:\/\/cliniqueint.com\/index.php\/centre-de-beaute\/","title":{"rendered":"Centre de beaut\u00e9"},"content":{"rendered":"\t\t<div data-elementor-type=\"wp-page\" data-elementor-id=\"1610\" class=\"elementor elementor-1610\">\n\t\t\t\t\t\t<section class=\"elementor-section elementor-top-section elementor-element elementor-element-203da76 elementor-section-boxed elementor-section-height-default elementor-section-height-default\" data-id=\"203da76\" data-element_type=\"section\">\n\t\t\t\t\t\t<div class=\"elementor-container elementor-column-gap-default\">\n\t\t\t\t\t<div class=\"elementor-column elementor-col-100 elementor-top-column elementor-element elementor-element-3d0aa65\" data-id=\"3d0aa65\" data-element_type=\"column\">\n\t\t\t<div class=\"elementor-widget-wrap elementor-element-populated\">\n\t\t\t\t\t\t<div class=\"elementor-element elementor-element-cb161ba elementor-widget elementor-widget-heading\" data-id=\"cb161ba\" data-element_type=\"widget\" data-widget_type=\"heading.default\">\n\t\t\t\t<div class=\"elementor-widget-container\">\n\t\t\t\t\t<h2 class=\"elementor-heading-title elementor-size-default\">Centre de beaut\u00e9<\/h2>\t\t\t\t<\/div>\n\t\t\t\t<\/div>\n\t\t\t\t\t<\/div>\n\t\t<\/div>\n\t\t\t\t\t<\/div>\n\t\t<\/section>\n\t\t\t\t<section class=\"elementor-section elementor-top-section elementor-element elementor-element-ccc37c2 elementor-section-boxed elementor-section-height-default elementor-section-height-default\" data-id=\"ccc37c2\" data-element_type=\"section\">\n\t\t\t\t\t\t<div class=\"elementor-container elementor-column-gap-default\">\n\t\t\t\t\t<div class=\"elementor-column elementor-col-50 elementor-top-column elementor-element elementor-element-6ec94f6\" data-id=\"6ec94f6\" data-element_type=\"column\">\n\t\t\t<div class=\"elementor-widget-wrap elementor-element-populated\">\n\t\t\t\t\t\t<div class=\"elementor-element elementor-element-543b89e elementor-widget elementor-widget-image\" data-id=\"543b89e\" data-element_type=\"widget\" data-widget_type=\"image.default\">\n\t\t\t\t<div class=\"elementor-widget-container\">\n\t\t\t\t\t\t\t\t\t\t\t\t\t\t\t<img fetchpriority=\"high\" decoding=\"async\" width=\"500\" height=\"250\" src=\"https:\/\/cliniqueint.com\/wp-content\/uploads\/2024\/07\/beaute.jpg\" class=\"attachment-large size-large wp-image-1612\" alt=\"\" srcset=\"https:\/\/cliniqueint.com\/wp-content\/uploads\/2024\/07\/beaute.jpg 500w, https:\/\/cliniqueint.com\/wp-content\/uploads\/2024\/07\/beaute-300x150.jpg 300w\" sizes=\"(max-width: 500px) 100vw, 500px\" \/>\t\t\t\t\t\t\t\t\t\t\t\t\t\t\t<\/div>\n\t\t\t\t<\/div>\n\t\t\t\t\t<\/div>\n\t\t<\/div>\n\t\t\t\t<div class=\"elementor-column elementor-col-50 elementor-top-column elementor-element elementor-element-6281c0b\" data-id=\"6281c0b\" data-element_type=\"column\">\n\t\t\t<div class=\"elementor-widget-wrap elementor-element-populated\">\n\t\t\t\t\t\t<div class=\"elementor-element elementor-element-61c95ca elementor-widget elementor-widget-text-editor\" data-id=\"61c95ca\" data-element_type=\"widget\" data-widget_type=\"text-editor.default\">\n\t\t\t\t<div class=\"elementor-widget-container\">\n\t\t\t\t\t\t\t\t\t<div><div>Dans notre centre de beaut\u00e9, nous red\u00e9finissons l&#8217;art de prendre soin de soi, en proposant une gamme diversifi\u00e9e de soins esth\u00e9tiques pour rehausser votre beaut\u00e9 naturelle. nous nous engageons \u00e0 offrir une exp\u00e9rience compl\u00e8te et personnalis\u00e9e.<\/div><div>\u00a0<\/div><div>Offrez-vous une vari\u00e9t\u00e9 de soins con\u00e7us pour vous dorloter et vous rajeunir. Nos services comprend des soins du visage rajeunissants, des soins corporels luxueux, des th\u00e9rapies avanc\u00e9es de soins de la peau et l&#8217;\u00e9pilation au laser tr\u00e8s recherch\u00e9e. D\u00e9voilez la beaut\u00e9 int\u00e9rieure tandis que nos esth\u00e9ticiennes qualifi\u00e9es utilisent des techniques de pointe et des produits haut de gamme pour rehausser votre routine de soins de la peau.<\/div><div>\u00a0<\/div><div>D\u00e9couvrez le pouvoir transformateur de nos soins de beaut\u00e9, chacun \u00e9tant adapt\u00e9 \u00e0 vos besoins et pr\u00e9f\u00e9rences uniques. Notre engagement envers l\u2019excellence et notre souci du d\u00e9tail garantissent que chaque visite dans notre centre de beaut\u00e9 est un voyage vers l\u2019\u00e9clat et la confiance en soi. Faites-nous confiance pour faire ressortir le meilleur de vous-m\u00eame, un traitement \u00e0 la fois.<\/div><\/div>\t\t\t\t\t\t\t\t<\/div>\n\t\t\t\t<\/div>\n\t\t\t\t\t<\/div>\n\t\t<\/div>\n\t\t\t\t\t<\/div>\n\t\t<\/section>\n\t\t\t\t<\/div>\n\t\t","protected":false},"excerpt":{"rendered":"<p>Centre de beaut\u00e9 Dans notre centre de beaut\u00e9, nous red\u00e9finissons l&#8217;art de prendre soin de soi, en proposant une gamme diversifi\u00e9e de soins esth\u00e9tiques pour rehausser votre beaut\u00e9 naturelle. nous nous engageons \u00e0 offrir une exp\u00e9rience compl\u00e8te et personnalis\u00e9e.\u00a0Offrez-vous une vari\u00e9t\u00e9 de soins con\u00e7us pour vous dorloter et vous rajeunir. Nos services comprend des soins [&hellip;]<\/p>\n","protected":false},"author":1,"featured_media":0,"parent":0,"menu_order":0,"comment_status":"closed","ping_status":"closed","template":"elementor_header_footer","meta":{"footnotes":""},"class_list":["post-1610","page","type-page","status-publish","hentry"],"_links":{"self":[{"href":"https:\/\/cliniqueint.com\/index.php\/wp-json\/wp\/v2\/pages\/1610","targetHints":{"allow":["GET"]}}],"collection":[{"href":"https:\/\/cliniqueint.com\/index.php\/wp-json\/wp\/v2\/pages"}],"about":[{"href":"https:\/\/cliniqueint.com\/index.php\/wp-json\/wp\/v2\/types\/page"}],"author":[{"embeddable":true,"href":"https:\/\/cliniqueint.com\/index.php\/wp-json\/wp\/v2\/users\/1"}],"replies":[{"embeddable":true,"href":"https:\/\/cliniqueint.com\/index.php\/wp-json\/wp\/v2\/comments?post=1610"}],"version-history":[{"count":4,"href":"https:\/\/cliniqueint.com\/index.php\/wp-json\/wp\/v2\/pages\/1610\/revisions"}],"predecessor-version":[{"id":1615,"href":"https:\/\/cliniqueint.com\/index.php\/wp-json\/wp\/v2\/pages\/1610\/revisions\/1615"}],"wp:attachment":[{"href":"https:\/\/cliniqueint.com\/index.php\/wp-json\/wp\/v2\/media?parent=1610"}],"curies":[{"name":"wp","href":"https:\/\/api.w.org\/{rel}","templated":true}]}}