{"id":1604,"date":"2024-07-24T10:05:29","date_gmt":"2024-07-24T10:05:29","guid":{"rendered":"http:\/\/cliniqueint.com\/?page_id=1604"},"modified":"2024-07-24T10:06:54","modified_gmt":"2024-07-24T10:06:54","slug":"psychologie","status":"publish","type":"page","link":"https:\/\/cliniqueint.com\/index.php\/psychologie\/","title":{"rendered":"Psychologie"},"content":{"rendered":"\t\t<div data-elementor-type=\"wp-page\" data-elementor-id=\"1604\" class=\"elementor elementor-1604\">\n\t\t\t\t\t\t<section class=\"elementor-section elementor-top-section elementor-element elementor-element-e102629 elementor-section-boxed elementor-section-height-default elementor-section-height-default\" data-id=\"e102629\" data-element_type=\"section\">\n\t\t\t\t\t\t<div class=\"elementor-container elementor-column-gap-default\">\n\t\t\t\t\t<div class=\"elementor-column elementor-col-100 elementor-top-column elementor-element elementor-element-8f77544\" data-id=\"8f77544\" data-element_type=\"column\">\n\t\t\t<div class=\"elementor-widget-wrap elementor-element-populated\">\n\t\t\t\t\t\t<div class=\"elementor-element elementor-element-6d22920 elementor-widget elementor-widget-heading\" data-id=\"6d22920\" data-element_type=\"widget\" data-widget_type=\"heading.default\">\n\t\t\t\t<div class=\"elementor-widget-container\">\n\t\t\t\t\t<h2 class=\"elementor-heading-title elementor-size-default\">Psychologie<\/h2>\t\t\t\t<\/div>\n\t\t\t\t<\/div>\n\t\t\t\t\t<\/div>\n\t\t<\/div>\n\t\t\t\t\t<\/div>\n\t\t<\/section>\n\t\t\t\t<section class=\"elementor-section elementor-top-section elementor-element elementor-element-7a43fff elementor-section-boxed elementor-section-height-default elementor-section-height-default\" data-id=\"7a43fff\" data-element_type=\"section\">\n\t\t\t\t\t\t<div class=\"elementor-container elementor-column-gap-default\">\n\t\t\t\t\t<div class=\"elementor-column elementor-col-50 elementor-top-column elementor-element elementor-element-9714aa0\" data-id=\"9714aa0\" data-element_type=\"column\">\n\t\t\t<div class=\"elementor-widget-wrap elementor-element-populated\">\n\t\t\t\t\t\t<div class=\"elementor-element elementor-element-78ecdb2 elementor-widget elementor-widget-image\" data-id=\"78ecdb2\" data-element_type=\"widget\" data-widget_type=\"image.default\">\n\t\t\t\t<div class=\"elementor-widget-container\">\n\t\t\t\t\t\t\t\t\t\t\t\t\t\t\t<img fetchpriority=\"high\" decoding=\"async\" width=\"500\" height=\"250\" src=\"https:\/\/cliniqueint.com\/wp-content\/uploads\/2024\/07\/psychologie.jpg\" class=\"attachment-large size-large wp-image-1606\" alt=\"\" srcset=\"https:\/\/cliniqueint.com\/wp-content\/uploads\/2024\/07\/psychologie.jpg 500w, https:\/\/cliniqueint.com\/wp-content\/uploads\/2024\/07\/psychologie-300x150.jpg 300w\" sizes=\"(max-width: 500px) 100vw, 500px\" \/>\t\t\t\t\t\t\t\t\t\t\t\t\t\t\t<\/div>\n\t\t\t\t<\/div>\n\t\t\t\t\t<\/div>\n\t\t<\/div>\n\t\t\t\t<div class=\"elementor-column elementor-col-50 elementor-top-column elementor-element elementor-element-07ede7d\" data-id=\"07ede7d\" data-element_type=\"column\">\n\t\t\t<div class=\"elementor-widget-wrap elementor-element-populated\">\n\t\t\t\t\t\t<div class=\"elementor-element elementor-element-598eb84 elementor-widget elementor-widget-text-editor\" data-id=\"598eb84\" data-element_type=\"widget\" data-widget_type=\"text-editor.default\">\n\t\t\t\t<div class=\"elementor-widget-container\">\n\t\t\t\t\t\t\t\t\t<div><div>Chez CI, nos cliniques de psychologie priorisent le bien-\u00eatre mental, offrant des services exceptionnels aux personnes de tous \u00e2ges. Notre engagement est de cr\u00e9er un environnement favorable et empathique o\u00f9 vous pourrez explorer votre parcours en mati\u00e8re de sant\u00e9 mentale.<\/div><div>\u00a0<\/div><div>Explorez une large gamme de services psychologiques adapt\u00e9s \u00e0 vos besoins uniques. Notre \u00e9quipe d\u00e9vou\u00e9e de psychologues a \u00e0 c\u0153ur de vous aider \u00e0 atteindre l\u2019\u00e9quilibre \u00e9motionnel et la r\u00e9silience mentale. Dans le domaine en constante \u00e9volution de la psychologie, nous int\u00e9grons les derni\u00e8res approches th\u00e9rapeutiques et pratiques fond\u00e9es sur des preuves pour vous permettre de faire face aux d\u00e9fis de la vie.<\/div><div>\u00a0<\/div><div>Aujourd\u2019hui, la psychologie offre diverses options pour am\u00e9liorer votre sant\u00e9 mentale et votre satisfaction globale dans la vie. Nos psychologues sont l\u00e0 pour collaborer avec vous et vous proposer des solutions personnalis\u00e9es qui correspondent \u00e0 vos exp\u00e9riences et aspirations individuelles. Faites-nous confiance pour vous guider sur votre chemin vers le bien-\u00eatre \u00e9motionnel avec professionnalisme et compassion, vous permettant ainsi de vivre une vie \u00e9panouissante et psychologiquement saine.<\/div><\/div>\t\t\t\t\t\t\t\t<\/div>\n\t\t\t\t<\/div>\n\t\t\t\t\t<\/div>\n\t\t<\/div>\n\t\t\t\t\t<\/div>\n\t\t<\/section>\n\t\t\t\t<\/div>\n\t\t","protected":false},"excerpt":{"rendered":"<p>Psychologie Chez CI, nos cliniques de psychologie priorisent le bien-\u00eatre mental, offrant des services exceptionnels aux personnes de tous \u00e2ges. Notre engagement est de cr\u00e9er un environnement favorable et empathique o\u00f9 vous pourrez explorer votre parcours en mati\u00e8re de sant\u00e9 mentale.\u00a0Explorez une large gamme de services psychologiques adapt\u00e9s \u00e0 vos besoins uniques. Notre \u00e9quipe d\u00e9vou\u00e9e [&hellip;]<\/p>\n","protected":false},"author":1,"featured_media":0,"parent":0,"menu_order":0,"comment_status":"closed","ping_status":"closed","template":"elementor_header_footer","meta":{"footnotes":""},"class_list":["post-1604","page","type-page","status-publish","hentry"],"_links":{"self":[{"href":"https:\/\/cliniqueint.com\/index.php\/wp-json\/wp\/v2\/pages\/1604","targetHints":{"allow":["GET"]}}],"collection":[{"href":"https:\/\/cliniqueint.com\/index.php\/wp-json\/wp\/v2\/pages"}],"about":[{"href":"https:\/\/cliniqueint.com\/index.php\/wp-json\/wp\/v2\/types\/page"}],"author":[{"embeddable":true,"href":"https:\/\/cliniqueint.com\/index.php\/wp-json\/wp\/v2\/users\/1"}],"replies":[{"embeddable":true,"href":"https:\/\/cliniqueint.com\/index.php\/wp-json\/wp\/v2\/comments?post=1604"}],"version-history":[{"count":4,"href":"https:\/\/cliniqueint.com\/index.php\/wp-json\/wp\/v2\/pages\/1604\/revisions"}],"predecessor-version":[{"id":1609,"href":"https:\/\/cliniqueint.com\/index.php\/wp-json\/wp\/v2\/pages\/1604\/revisions\/1609"}],"wp:attachment":[{"href":"https:\/\/cliniqueint.com\/index.php\/wp-json\/wp\/v2\/media?parent=1604"}],"curies":[{"name":"wp","href":"https:\/\/api.w.org\/{rel}","templated":true}]}}