{"id":1595,"date":"2024-07-24T10:01:48","date_gmt":"2024-07-24T10:01:48","guid":{"rendered":"http:\/\/cliniqueint.com\/?page_id=1595"},"modified":"2024-07-24T10:03:26","modified_gmt":"2024-07-24T10:03:26","slug":"orthophonie","status":"publish","type":"page","link":"https:\/\/cliniqueint.com\/index.php\/orthophonie\/","title":{"rendered":"Orthophonie"},"content":{"rendered":"\t\t<div data-elementor-type=\"wp-page\" data-elementor-id=\"1595\" class=\"elementor elementor-1595\">\n\t\t\t\t\t\t<section class=\"elementor-section elementor-top-section elementor-element elementor-element-a772931 elementor-section-boxed elementor-section-height-default elementor-section-height-default\" data-id=\"a772931\" data-element_type=\"section\">\n\t\t\t\t\t\t<div class=\"elementor-container elementor-column-gap-default\">\n\t\t\t\t\t<div class=\"elementor-column elementor-col-100 elementor-top-column elementor-element elementor-element-f7c180c\" data-id=\"f7c180c\" data-element_type=\"column\">\n\t\t\t<div class=\"elementor-widget-wrap elementor-element-populated\">\n\t\t\t\t\t\t<div class=\"elementor-element elementor-element-8c7a93b elementor-widget elementor-widget-heading\" data-id=\"8c7a93b\" data-element_type=\"widget\" data-widget_type=\"heading.default\">\n\t\t\t\t<div class=\"elementor-widget-container\">\n\t\t\t\t\t<h2 class=\"elementor-heading-title elementor-size-default\">Orthophonie<\/h2>\t\t\t\t<\/div>\n\t\t\t\t<\/div>\n\t\t\t\t\t<\/div>\n\t\t<\/div>\n\t\t\t\t\t<\/div>\n\t\t<\/section>\n\t\t\t\t<section class=\"elementor-section elementor-top-section elementor-element elementor-element-282d05a elementor-section-boxed elementor-section-height-default elementor-section-height-default\" data-id=\"282d05a\" data-element_type=\"section\">\n\t\t\t\t\t\t<div class=\"elementor-container elementor-column-gap-default\">\n\t\t\t\t\t<div class=\"elementor-column elementor-col-50 elementor-top-column elementor-element elementor-element-ad3dd3e\" data-id=\"ad3dd3e\" data-element_type=\"column\">\n\t\t\t<div class=\"elementor-widget-wrap elementor-element-populated\">\n\t\t\t\t\t\t<div class=\"elementor-element elementor-element-c9fa449 elementor-widget elementor-widget-image\" data-id=\"c9fa449\" data-element_type=\"widget\" data-widget_type=\"image.default\">\n\t\t\t\t<div class=\"elementor-widget-container\">\n\t\t\t\t\t\t\t\t\t\t\t\t\t\t\t<img fetchpriority=\"high\" decoding=\"async\" width=\"500\" height=\"250\" src=\"https:\/\/cliniqueint.com\/wp-content\/uploads\/2024\/07\/orthophonie.jpg\" class=\"attachment-large size-large wp-image-1597\" alt=\"\" srcset=\"https:\/\/cliniqueint.com\/wp-content\/uploads\/2024\/07\/orthophonie.jpg 500w, https:\/\/cliniqueint.com\/wp-content\/uploads\/2024\/07\/orthophonie-300x150.jpg 300w\" sizes=\"(max-width: 500px) 100vw, 500px\" \/>\t\t\t\t\t\t\t\t\t\t\t\t\t\t\t<\/div>\n\t\t\t\t<\/div>\n\t\t\t\t\t<\/div>\n\t\t<\/div>\n\t\t\t\t<div class=\"elementor-column elementor-col-50 elementor-top-column elementor-element elementor-element-efe0631\" data-id=\"efe0631\" data-element_type=\"column\">\n\t\t\t<div class=\"elementor-widget-wrap elementor-element-populated\">\n\t\t\t\t\t\t<div class=\"elementor-element elementor-element-462fc0c elementor-widget elementor-widget-text-editor\" data-id=\"462fc0c\" data-element_type=\"widget\" data-widget_type=\"text-editor.default\">\n\t\t\t\t<div class=\"elementor-widget-container\">\n\t\t\t\t\t\t\t\t\t<div><div>En mettant fortement l&#8217;accent sur l&#8217;excellence en orthophonie chez CI, nos cliniques se consacrent \u00e0 fournir des services de haute qualit\u00e9 aux enfants et aux adultes. Nous accordons la priorit\u00e9 \u00e0 une communication efficace et au d\u00e9veloppement de la parole dans un environnement professionnel et convivial \u00e9quip\u00e9 de technologies de pointe. technologie artistique.<\/div><div>\u00a0<\/div><div>D\u00e9couvrez une gamme compl\u00e8te de services d\u2019orthophonie dans nos cliniques. Notre mission est de vous aider \u00e0 acqu\u00e9rir des comp\u00e9tences de communication et une ma\u00eetrise de la parole optimales, en utilisant les derni\u00e8res avanc\u00e9es dans le domaine de l&#8217;orthophonie. Aujourd\u2019hui, l\u2019orthophonie offre diverses options qui peuvent am\u00e9liorer consid\u00e9rablement votre qualit\u00e9 de vie et vous aider \u00e0 vous exprimer avec confiance.<\/div><div>\u00a0<\/div><div>Notre \u00e9quipe d\u2019orthophonistes qualifi\u00e9s se consacre \u00e0 trouver des solutions personnalis\u00e9es qui correspondent \u00e0 vos besoins uniques et \u00e0 votre style de vie. Faites-nous confiance pour vous guider dans votre cheminement vers une parole et une communication am\u00e9lior\u00e9es avec expertise et engagement, vous permettant de communiquer avec clart\u00e9 et confiance.<\/div><\/div>\t\t\t\t\t\t\t\t<\/div>\n\t\t\t\t<\/div>\n\t\t\t\t\t<\/div>\n\t\t<\/div>\n\t\t\t\t\t<\/div>\n\t\t<\/section>\n\t\t\t\t<\/div>\n\t\t","protected":false},"excerpt":{"rendered":"<p>Orthophonie En mettant fortement l&#8217;accent sur l&#8217;excellence en orthophonie chez CI, nos cliniques se consacrent \u00e0 fournir des services de haute qualit\u00e9 aux enfants et aux adultes. Nous accordons la priorit\u00e9 \u00e0 une communication efficace et au d\u00e9veloppement de la parole dans un environnement professionnel et convivial \u00e9quip\u00e9 de technologies de pointe. technologie artistique.\u00a0D\u00e9couvrez une [&hellip;]<\/p>\n","protected":false},"author":1,"featured_media":0,"parent":0,"menu_order":0,"comment_status":"closed","ping_status":"closed","template":"elementor_header_footer","meta":{"footnotes":""},"class_list":["post-1595","page","type-page","status-publish","hentry"],"_links":{"self":[{"href":"https:\/\/cliniqueint.com\/index.php\/wp-json\/wp\/v2\/pages\/1595","targetHints":{"allow":["GET"]}}],"collection":[{"href":"https:\/\/cliniqueint.com\/index.php\/wp-json\/wp\/v2\/pages"}],"about":[{"href":"https:\/\/cliniqueint.com\/index.php\/wp-json\/wp\/v2\/types\/page"}],"author":[{"embeddable":true,"href":"https:\/\/cliniqueint.com\/index.php\/wp-json\/wp\/v2\/users\/1"}],"replies":[{"embeddable":true,"href":"https:\/\/cliniqueint.com\/index.php\/wp-json\/wp\/v2\/comments?post=1595"}],"version-history":[{"count":4,"href":"https:\/\/cliniqueint.com\/index.php\/wp-json\/wp\/v2\/pages\/1595\/revisions"}],"predecessor-version":[{"id":1600,"href":"https:\/\/cliniqueint.com\/index.php\/wp-json\/wp\/v2\/pages\/1595\/revisions\/1600"}],"wp:attachment":[{"href":"https:\/\/cliniqueint.com\/index.php\/wp-json\/wp\/v2\/media?parent=1595"}],"curies":[{"name":"wp","href":"https:\/\/api.w.org\/{rel}","templated":true}]}}