{"id":1584,"date":"2024-07-24T09:51:35","date_gmt":"2024-07-24T09:51:35","guid":{"rendered":"http:\/\/cliniqueint.com\/?page_id=1584"},"modified":"2024-07-24T10:04:56","modified_gmt":"2024-07-24T10:04:56","slug":"dermatologie","status":"publish","type":"page","link":"https:\/\/cliniqueint.com\/index.php\/dermatologie\/","title":{"rendered":"Dermatologie"},"content":{"rendered":"\t\t<div data-elementor-type=\"wp-page\" data-elementor-id=\"1584\" class=\"elementor elementor-1584\">\n\t\t\t\t\t\t<section class=\"elementor-section elementor-top-section elementor-element elementor-element-b3cfcdb elementor-section-boxed elementor-section-height-default elementor-section-height-default\" data-id=\"b3cfcdb\" data-element_type=\"section\">\n\t\t\t\t\t\t<div class=\"elementor-container elementor-column-gap-default\">\n\t\t\t\t\t<div class=\"elementor-column elementor-col-100 elementor-top-column elementor-element elementor-element-49359ca\" data-id=\"49359ca\" data-element_type=\"column\">\n\t\t\t<div class=\"elementor-widget-wrap elementor-element-populated\">\n\t\t\t\t\t\t<div class=\"elementor-element elementor-element-53d8a55 elementor-widget elementor-widget-heading\" data-id=\"53d8a55\" data-element_type=\"widget\" data-widget_type=\"heading.default\">\n\t\t\t\t<div class=\"elementor-widget-container\">\n\t\t\t\t\t<h2 class=\"elementor-heading-title elementor-size-default\">Dermatologie<\/h2>\t\t\t\t<\/div>\n\t\t\t\t<\/div>\n\t\t\t\t\t<\/div>\n\t\t<\/div>\n\t\t\t\t\t<\/div>\n\t\t<\/section>\n\t\t\t\t<section class=\"elementor-section elementor-top-section elementor-element elementor-element-d6e3b70 elementor-section-boxed elementor-section-height-default elementor-section-height-default\" data-id=\"d6e3b70\" data-element_type=\"section\">\n\t\t\t\t\t\t<div class=\"elementor-container elementor-column-gap-default\">\n\t\t\t\t\t<div class=\"elementor-column elementor-col-50 elementor-top-column elementor-element elementor-element-125b398\" data-id=\"125b398\" data-element_type=\"column\">\n\t\t\t<div class=\"elementor-widget-wrap elementor-element-populated\">\n\t\t\t\t\t\t<div class=\"elementor-element elementor-element-73aba36 elementor-widget elementor-widget-image\" data-id=\"73aba36\" data-element_type=\"widget\" data-widget_type=\"image.default\">\n\t\t\t\t<div class=\"elementor-widget-container\">\n\t\t\t\t\t\t\t\t\t\t\t\t\t\t\t<img fetchpriority=\"high\" decoding=\"async\" width=\"500\" height=\"250\" src=\"https:\/\/cliniqueint.com\/wp-content\/uploads\/2024\/07\/dermatology.jpg\" class=\"attachment-large size-large wp-image-1588\" alt=\"dermatology\" srcset=\"https:\/\/cliniqueint.com\/wp-content\/uploads\/2024\/07\/dermatology.jpg 500w, https:\/\/cliniqueint.com\/wp-content\/uploads\/2024\/07\/dermatology-300x150.jpg 300w\" sizes=\"(max-width: 500px) 100vw, 500px\" \/>\t\t\t\t\t\t\t\t\t\t\t\t\t\t\t<\/div>\n\t\t\t\t<\/div>\n\t\t\t\t\t<\/div>\n\t\t<\/div>\n\t\t\t\t<div class=\"elementor-column elementor-col-50 elementor-top-column elementor-element elementor-element-085496d\" data-id=\"085496d\" data-element_type=\"column\">\n\t\t\t<div class=\"elementor-widget-wrap elementor-element-populated\">\n\t\t\t\t\t\t<div class=\"elementor-element elementor-element-9cfeb9c elementor-widget elementor-widget-text-editor\" data-id=\"9cfeb9c\" data-element_type=\"widget\" data-widget_type=\"text-editor.default\">\n\t\t\t\t<div class=\"elementor-widget-container\">\n\t\t\t\t\t\t\t\t\t<div><div>Fortes d&#8217;une expertise internationale distingu\u00e9e en dermatologie, nos cliniques de CI fournissent des services de soins de la peau de haute qualit\u00e9 pour les enfants et les adultes. Nous accordons la priorit\u00e9 \u00e0 la sant\u00e9 de votre peau dans un environnement professionnel et accueillant dot\u00e9 d\u2019une technologie de pointe.<\/div><div>D\u00e9couvrez une gamme compl\u00e8te de traitements dermatologiques dans nos cliniques. Notre objectif est de vous aider \u00e0 atteindre une sant\u00e9 cutan\u00e9e optimale, en vous assurant d\u2019avoir acc\u00e8s aux derni\u00e8res avanc\u00e9es en mati\u00e8re de soins dermatologiques. Aujourd\u2019hui, la dermatologie offre une myriade de choix pour am\u00e9liorer votre vie et affronter le monde en toute confiance.<\/div><div>\u00a0<\/div><div>Notre \u00e9quipe de dermatologues s\u2019engage \u00e0 \u00e9laborer des solutions adapt\u00e9es \u00e0 vos besoins individuels et \u00e0 votre style de vie. Faites-nous confiance pour prendre soin de votre peau avec d\u00e9vouement et expertise, vous permettant ainsi d\u2019exprimer votre personnalit\u00e9 la plus radieuse.<\/div><\/div>\t\t\t\t\t\t\t\t<\/div>\n\t\t\t\t<\/div>\n\t\t\t\t\t<\/div>\n\t\t<\/div>\n\t\t\t\t\t<\/div>\n\t\t<\/section>\n\t\t\t\t<\/div>\n\t\t","protected":false},"excerpt":{"rendered":"<p>Dermatologie Fortes d&#8217;une expertise internationale distingu\u00e9e en dermatologie, nos cliniques de CI fournissent des services de soins de la peau de haute qualit\u00e9 pour les enfants et les adultes. Nous accordons la priorit\u00e9 \u00e0 la sant\u00e9 de votre peau dans un environnement professionnel et accueillant dot\u00e9 d\u2019une technologie de pointe.D\u00e9couvrez une gamme compl\u00e8te de traitements [&hellip;]<\/p>\n","protected":false},"author":1,"featured_media":0,"parent":0,"menu_order":0,"comment_status":"closed","ping_status":"closed","template":"elementor_header_footer","meta":{"footnotes":""},"class_list":["post-1584","page","type-page","status-publish","hentry"],"_links":{"self":[{"href":"https:\/\/cliniqueint.com\/index.php\/wp-json\/wp\/v2\/pages\/1584","targetHints":{"allow":["GET"]}}],"collection":[{"href":"https:\/\/cliniqueint.com\/index.php\/wp-json\/wp\/v2\/pages"}],"about":[{"href":"https:\/\/cliniqueint.com\/index.php\/wp-json\/wp\/v2\/types\/page"}],"author":[{"embeddable":true,"href":"https:\/\/cliniqueint.com\/index.php\/wp-json\/wp\/v2\/users\/1"}],"replies":[{"embeddable":true,"href":"https:\/\/cliniqueint.com\/index.php\/wp-json\/wp\/v2\/comments?post=1584"}],"version-history":[{"count":8,"href":"https:\/\/cliniqueint.com\/index.php\/wp-json\/wp\/v2\/pages\/1584\/revisions"}],"predecessor-version":[{"id":1603,"href":"https:\/\/cliniqueint.com\/index.php\/wp-json\/wp\/v2\/pages\/1584\/revisions\/1603"}],"wp:attachment":[{"href":"https:\/\/cliniqueint.com\/index.php\/wp-json\/wp\/v2\/media?parent=1584"}],"curies":[{"name":"wp","href":"https:\/\/api.w.org\/{rel}","templated":true}]}}