{"id":1444,"date":"2022-09-25T09:20:33","date_gmt":"2022-09-25T09:20:33","guid":{"rendered":"https:\/\/cliniqueint.com\/?page_id=1444"},"modified":"2022-10-01T09:51:35","modified_gmt":"2022-10-01T09:51:35","slug":"kinesitherapie","status":"publish","type":"page","link":"https:\/\/cliniqueint.com\/index.php\/kinesitherapie\/","title":{"rendered":"Kin\u00e9sith\u00e9rapie"},"content":{"rendered":"\t\t<div data-elementor-type=\"wp-page\" data-elementor-id=\"1444\" class=\"elementor elementor-1444\">\n\t\t\t\t\t\t<section class=\"elementor-section elementor-top-section elementor-element elementor-element-cab2d6f elementor-section-boxed elementor-section-height-default elementor-section-height-default\" data-id=\"cab2d6f\" data-element_type=\"section\">\n\t\t\t\t\t\t<div class=\"elementor-container elementor-column-gap-default\">\n\t\t\t\t\t<div class=\"elementor-column elementor-col-100 elementor-top-column elementor-element elementor-element-963d09f\" data-id=\"963d09f\" data-element_type=\"column\">\n\t\t\t<div class=\"elementor-widget-wrap elementor-element-populated\">\n\t\t\t\t\t\t<div class=\"elementor-element elementor-element-413dda3 elementor-widget elementor-widget-heading\" data-id=\"413dda3\" data-element_type=\"widget\" data-widget_type=\"heading.default\">\n\t\t\t\t<div class=\"elementor-widget-container\">\n\t\t\t\t\t<h2 class=\"elementor-heading-title elementor-size-default\">Kin\u00e9sith\u00e9rapie<\/h2>\t\t\t\t<\/div>\n\t\t\t\t<\/div>\n\t\t\t\t\t<\/div>\n\t\t<\/div>\n\t\t\t\t\t<\/div>\n\t\t<\/section>\n\t\t\t\t<section class=\"elementor-section elementor-top-section elementor-element elementor-element-abb55c9 elementor-section-boxed elementor-section-height-default elementor-section-height-default\" data-id=\"abb55c9\" data-element_type=\"section\">\n\t\t\t\t\t\t<div class=\"elementor-container elementor-column-gap-default\">\n\t\t\t\t\t<div class=\"elementor-column elementor-col-50 elementor-top-column elementor-element elementor-element-88499d9\" data-id=\"88499d9\" data-element_type=\"column\">\n\t\t\t<div class=\"elementor-widget-wrap elementor-element-populated\">\n\t\t\t\t\t\t<div class=\"elementor-element elementor-element-6992fdb elementor-widget elementor-widget-image\" data-id=\"6992fdb\" data-element_type=\"widget\" data-widget_type=\"image.default\">\n\t\t\t\t<div class=\"elementor-widget-container\">\n\t\t\t\t\t\t\t\t\t\t\t\t\t\t\t<img fetchpriority=\"high\" decoding=\"async\" width=\"640\" height=\"427\" src=\"https:\/\/cliniqueint.com\/wp-content\/uploads\/2022\/10\/kine-1024x683.jpeg\" class=\"attachment-large size-large wp-image-1525\" alt=\"\" srcset=\"https:\/\/cliniqueint.com\/wp-content\/uploads\/2022\/10\/kine-1024x683.jpeg 1024w, https:\/\/cliniqueint.com\/wp-content\/uploads\/2022\/10\/kine-300x200.jpeg 300w, https:\/\/cliniqueint.com\/wp-content\/uploads\/2022\/10\/kine-768x513.jpeg 768w, https:\/\/cliniqueint.com\/wp-content\/uploads\/2022\/10\/kine-1536x1025.jpeg 1536w, https:\/\/cliniqueint.com\/wp-content\/uploads\/2022\/10\/kine-2048x1367.jpeg 2048w\" sizes=\"(max-width: 640px) 100vw, 640px\" \/>\t\t\t\t\t\t\t\t\t\t\t\t\t\t\t<\/div>\n\t\t\t\t<\/div>\n\t\t\t\t\t<\/div>\n\t\t<\/div>\n\t\t\t\t<div class=\"elementor-column elementor-col-50 elementor-top-column elementor-element elementor-element-5a60a77\" data-id=\"5a60a77\" data-element_type=\"column\">\n\t\t\t<div class=\"elementor-widget-wrap elementor-element-populated\">\n\t\t\t\t\t\t<div class=\"elementor-element elementor-element-87ee3ff elementor-widget elementor-widget-text-editor\" data-id=\"87ee3ff\" data-element_type=\"widget\" data-widget_type=\"text-editor.default\">\n\t\t\t\t<div class=\"elementor-widget-container\">\n\t\t\t\t\t\t\t\t\t<p>Le service de kin\u00e9sith\u00e9rapie est un service enti\u00e8rement int\u00e9gr\u00e9 pour les patients hospitalis\u00e9s et les patients externes, avec des installations qui s&#8217;occupent \u00e9galement des patients handicap\u00e9s. Nos kin\u00e9sith\u00e9rapeutes sont hautement qualifi\u00e9s, comp\u00e9tents, ambitieux et dynamiques. Ils sont disponibles pour des consultations afin de vous aider \u00e0 r\u00e9soudre vos probl\u00e8mes. Nous disposons d&#8217;une gamme compl\u00e8te d&#8217;\u00e9quipements au CI pour r\u00e9pondre \u00e0 vos besoins.<\/p><p>\u00a0<\/p><p>Avec l&#8217;expertise internationale, Notre mission est d&#8217;atteindre l&#8217;excellence dans l&#8217;\u00e9valuation, le traitement, l&#8217;intervention et l&#8217;\u00e9ducation de nos patients afin qu&#8217;ils soient int\u00e9gr\u00e9s, avec leurs familles, dans l&#8217;\u00e9tablissement des objectifs de traitement. Notre d\u00e9partement fournit une approche unique et individuelle pour acc\u00e9der aux patients ; \u00e9laborant ouvertement leurs plans de traitement selon les objectifs de soins m\u00e9dicaux avec une attitude qui garantit le confort, la compassion, l&#8217;intimit\u00e9 et la dignit\u00e9 pour leur famille et eux-m\u00eames. Notre participation aux activit\u00e9s d&#8217;enseignement et de recherche nous a permis de fournir \u00e0 nos patients la meilleure th\u00e9rapie physique possible.<\/p><p>\u00a0<\/p><p>Notre d\u00e9partement propose un large \u00e9ventail d&#8217;activit\u00e9s de remise en forme. Le d\u00e9partement fournit des traitements programm\u00e9s pour toutes sortes de r\u00e9f\u00e9rences de sp\u00e9cialisation m\u00e9dicale.<\/p>\t\t\t\t\t\t\t\t<\/div>\n\t\t\t\t<\/div>\n\t\t\t\t\t<\/div>\n\t\t<\/div>\n\t\t\t\t\t<\/div>\n\t\t<\/section>\n\t\t\t\t<\/div>\n\t\t","protected":false},"excerpt":{"rendered":"<p>Kin\u00e9sith\u00e9rapie Le service de kin\u00e9sith\u00e9rapie est un service enti\u00e8rement int\u00e9gr\u00e9 pour les patients hospitalis\u00e9s et les patients externes, avec des installations qui s&#8217;occupent \u00e9galement des patients handicap\u00e9s. Nos kin\u00e9sith\u00e9rapeutes sont hautement qualifi\u00e9s, comp\u00e9tents, ambitieux et dynamiques. Ils sont disponibles pour des consultations afin de vous aider \u00e0 r\u00e9soudre vos probl\u00e8mes. Nous disposons d&#8217;une gamme compl\u00e8te [&hellip;]<\/p>\n","protected":false},"author":1,"featured_media":0,"parent":0,"menu_order":0,"comment_status":"closed","ping_status":"closed","template":"elementor_header_footer","meta":{"footnotes":""},"class_list":["post-1444","page","type-page","status-publish","hentry"],"_links":{"self":[{"href":"https:\/\/cliniqueint.com\/index.php\/wp-json\/wp\/v2\/pages\/1444","targetHints":{"allow":["GET"]}}],"collection":[{"href":"https:\/\/cliniqueint.com\/index.php\/wp-json\/wp\/v2\/pages"}],"about":[{"href":"https:\/\/cliniqueint.com\/index.php\/wp-json\/wp\/v2\/types\/page"}],"author":[{"embeddable":true,"href":"https:\/\/cliniqueint.com\/index.php\/wp-json\/wp\/v2\/users\/1"}],"replies":[{"embeddable":true,"href":"https:\/\/cliniqueint.com\/index.php\/wp-json\/wp\/v2\/comments?post=1444"}],"version-history":[{"count":7,"href":"https:\/\/cliniqueint.com\/index.php\/wp-json\/wp\/v2\/pages\/1444\/revisions"}],"predecessor-version":[{"id":1528,"href":"https:\/\/cliniqueint.com\/index.php\/wp-json\/wp\/v2\/pages\/1444\/revisions\/1528"}],"wp:attachment":[{"href":"https:\/\/cliniqueint.com\/index.php\/wp-json\/wp\/v2\/media?parent=1444"}],"curies":[{"name":"wp","href":"https:\/\/api.w.org\/{rel}","templated":true}]}}