{"id":1439,"date":"2022-09-25T09:19:52","date_gmt":"2022-09-25T09:19:52","guid":{"rendered":"https:\/\/cliniqueint.com\/?page_id=1439"},"modified":"2022-10-01T09:49:57","modified_gmt":"2022-10-01T09:49:57","slug":"dentisterie","status":"publish","type":"page","link":"https:\/\/cliniqueint.com\/index.php\/dentisterie\/","title":{"rendered":"Dentisterie"},"content":{"rendered":"\t\t<div data-elementor-type=\"wp-page\" data-elementor-id=\"1439\" class=\"elementor elementor-1439\">\n\t\t\t\t\t\t<section class=\"elementor-section elementor-top-section elementor-element elementor-element-5bc6b69 elementor-section-boxed elementor-section-height-default elementor-section-height-default\" data-id=\"5bc6b69\" data-element_type=\"section\">\n\t\t\t\t\t\t<div class=\"elementor-container elementor-column-gap-default\">\n\t\t\t\t\t<div class=\"elementor-column elementor-col-100 elementor-top-column elementor-element elementor-element-d9a6659\" data-id=\"d9a6659\" data-element_type=\"column\">\n\t\t\t<div class=\"elementor-widget-wrap elementor-element-populated\">\n\t\t\t\t\t\t<div class=\"elementor-element elementor-element-17dfd49 elementor-widget elementor-widget-heading\" data-id=\"17dfd49\" data-element_type=\"widget\" data-widget_type=\"heading.default\">\n\t\t\t\t<div class=\"elementor-widget-container\">\n\t\t\t\t\t<h2 class=\"elementor-heading-title elementor-size-default\">Dentisterie<\/h2>\t\t\t\t<\/div>\n\t\t\t\t<\/div>\n\t\t\t\t\t<\/div>\n\t\t<\/div>\n\t\t\t\t\t<\/div>\n\t\t<\/section>\n\t\t\t\t<section class=\"elementor-section elementor-top-section elementor-element elementor-element-355cee1 elementor-section-boxed elementor-section-height-default elementor-section-height-default\" data-id=\"355cee1\" data-element_type=\"section\">\n\t\t\t\t\t\t<div class=\"elementor-container elementor-column-gap-default\">\n\t\t\t\t\t<div class=\"elementor-column elementor-col-50 elementor-top-column elementor-element elementor-element-4da66bf\" data-id=\"4da66bf\" data-element_type=\"column\">\n\t\t\t<div class=\"elementor-widget-wrap elementor-element-populated\">\n\t\t\t\t\t\t<div class=\"elementor-element elementor-element-d8e54bc elementor-widget elementor-widget-image\" data-id=\"d8e54bc\" data-element_type=\"widget\" data-widget_type=\"image.default\">\n\t\t\t\t<div class=\"elementor-widget-container\">\n\t\t\t\t\t\t\t\t\t\t\t\t\t\t\t<img fetchpriority=\"high\" decoding=\"async\" width=\"640\" height=\"513\" src=\"https:\/\/cliniqueint.com\/wp-content\/uploads\/2022\/10\/dentiste-1024x821.jpg\" class=\"attachment-large size-large wp-image-1521\" alt=\"\" srcset=\"https:\/\/cliniqueint.com\/wp-content\/uploads\/2022\/10\/dentiste-1024x821.jpg 1024w, https:\/\/cliniqueint.com\/wp-content\/uploads\/2022\/10\/dentiste-300x241.jpg 300w, https:\/\/cliniqueint.com\/wp-content\/uploads\/2022\/10\/dentiste-768x616.jpg 768w, https:\/\/cliniqueint.com\/wp-content\/uploads\/2022\/10\/dentiste-1536x1232.jpg 1536w, https:\/\/cliniqueint.com\/wp-content\/uploads\/2022\/10\/dentiste-2048x1642.jpg 2048w\" sizes=\"(max-width: 640px) 100vw, 640px\" \/>\t\t\t\t\t\t\t\t\t\t\t\t\t\t\t<\/div>\n\t\t\t\t<\/div>\n\t\t\t\t\t<\/div>\n\t\t<\/div>\n\t\t\t\t<div class=\"elementor-column elementor-col-50 elementor-top-column elementor-element elementor-element-da290ed\" data-id=\"da290ed\" data-element_type=\"column\">\n\t\t\t<div class=\"elementor-widget-wrap elementor-element-populated\">\n\t\t\t\t\t\t<div class=\"elementor-element elementor-element-06c5411 elementor-widget elementor-widget-text-editor\" data-id=\"06c5411\" data-element_type=\"widget\" data-widget_type=\"text-editor.default\">\n\t\t\t\t<div class=\"elementor-widget-container\">\n\t\t\t\t\t\t\t\t\t<p>Avec une expertise internationale d\u2019excellence \u00c0 la CI, nos cliniques dentaires offrent aux enfants et adultes des services dentaires de haute qualit\u00e9 dans un environnement sain, convivial, et \u00e0 la fine pointe de la technologie.<\/p><p>Nous proposons des options de traitement dentaire dans nos cabinets. Notre objectif est de vous aider \u00e0 vous sentir au mieux de votre forme et \u00e0 profiter de la vie gr\u00e2ce \u00e0 une bonne sant\u00e9 dentaire. Les progr\u00e8s de la dentisterie offrent aujourd&#8217;hui de nombreux choix qui peuvent vous aider \u00e0 profiter de la vie et \u00e0 sourire en toute confiance. Notre dentiste trouvera des solutions qui s&#8217;adaptent \u00e0 vous et \u00e0 votre vie.<\/p>\t\t\t\t\t\t\t\t<\/div>\n\t\t\t\t<\/div>\n\t\t\t\t\t<\/div>\n\t\t<\/div>\n\t\t\t\t\t<\/div>\n\t\t<\/section>\n\t\t\t\t<\/div>\n\t\t","protected":false},"excerpt":{"rendered":"<p>Dentisterie Avec une expertise internationale d\u2019excellence \u00c0 la CI, nos cliniques dentaires offrent aux enfants et adultes des services dentaires de haute qualit\u00e9 dans un environnement sain, convivial, et \u00e0 la fine pointe de la technologie. Nous proposons des options de traitement dentaire dans nos cabinets. Notre objectif est de vous aider \u00e0 vous sentir [&hellip;]<\/p>\n","protected":false},"author":1,"featured_media":0,"parent":0,"menu_order":0,"comment_status":"closed","ping_status":"closed","template":"elementor_header_footer","meta":{"footnotes":""},"class_list":["post-1439","page","type-page","status-publish","hentry"],"_links":{"self":[{"href":"https:\/\/cliniqueint.com\/index.php\/wp-json\/wp\/v2\/pages\/1439","targetHints":{"allow":["GET"]}}],"collection":[{"href":"https:\/\/cliniqueint.com\/index.php\/wp-json\/wp\/v2\/pages"}],"about":[{"href":"https:\/\/cliniqueint.com\/index.php\/wp-json\/wp\/v2\/types\/page"}],"author":[{"embeddable":true,"href":"https:\/\/cliniqueint.com\/index.php\/wp-json\/wp\/v2\/users\/1"}],"replies":[{"embeddable":true,"href":"https:\/\/cliniqueint.com\/index.php\/wp-json\/wp\/v2\/comments?post=1439"}],"version-history":[{"count":8,"href":"https:\/\/cliniqueint.com\/index.php\/wp-json\/wp\/v2\/pages\/1439\/revisions"}],"predecessor-version":[{"id":1587,"href":"https:\/\/cliniqueint.com\/index.php\/wp-json\/wp\/v2\/pages\/1439\/revisions\/1587"}],"wp:attachment":[{"href":"https:\/\/cliniqueint.com\/index.php\/wp-json\/wp\/v2\/media?parent=1439"}],"curies":[{"name":"wp","href":"https:\/\/api.w.org\/{rel}","templated":true}]}}