{"id":1433,"date":"2022-09-25T09:18:49","date_gmt":"2022-09-25T09:18:49","guid":{"rendered":"https:\/\/cliniqueint.com\/?page_id=1433"},"modified":"2022-10-01T09:52:32","modified_gmt":"2022-10-01T09:52:32","slug":"pediatrie","status":"publish","type":"page","link":"https:\/\/cliniqueint.com\/index.php\/pediatrie\/","title":{"rendered":"P\u00e9diatrie"},"content":{"rendered":"\t\t<div data-elementor-type=\"wp-page\" data-elementor-id=\"1433\" class=\"elementor elementor-1433\">\n\t\t\t\t\t\t<section class=\"elementor-section elementor-top-section elementor-element elementor-element-602db85 elementor-section-boxed elementor-section-height-default elementor-section-height-default\" data-id=\"602db85\" data-element_type=\"section\">\n\t\t\t\t\t\t<div class=\"elementor-container elementor-column-gap-default\">\n\t\t\t\t\t<div class=\"elementor-column elementor-col-100 elementor-top-column elementor-element elementor-element-d8e3ec9\" data-id=\"d8e3ec9\" data-element_type=\"column\">\n\t\t\t<div class=\"elementor-widget-wrap elementor-element-populated\">\n\t\t\t\t\t\t<div class=\"elementor-element elementor-element-de237ab elementor-widget elementor-widget-heading\" data-id=\"de237ab\" data-element_type=\"widget\" data-widget_type=\"heading.default\">\n\t\t\t\t<div class=\"elementor-widget-container\">\n\t\t\t\t\t<h2 class=\"elementor-heading-title elementor-size-default\">P\u00e9diatrie<\/h2>\t\t\t\t<\/div>\n\t\t\t\t<\/div>\n\t\t\t\t\t<\/div>\n\t\t<\/div>\n\t\t\t\t\t<\/div>\n\t\t<\/section>\n\t\t\t\t<section class=\"elementor-section elementor-top-section elementor-element elementor-element-88e5aab elementor-section-boxed elementor-section-height-default elementor-section-height-default\" data-id=\"88e5aab\" data-element_type=\"section\">\n\t\t\t\t\t\t<div class=\"elementor-container elementor-column-gap-default\">\n\t\t\t\t\t<div class=\"elementor-column elementor-col-50 elementor-top-column elementor-element elementor-element-d394088\" data-id=\"d394088\" data-element_type=\"column\">\n\t\t\t<div class=\"elementor-widget-wrap elementor-element-populated\">\n\t\t\t\t\t\t<div class=\"elementor-element elementor-element-ebd892b elementor-widget elementor-widget-image\" data-id=\"ebd892b\" data-element_type=\"widget\" data-widget_type=\"image.default\">\n\t\t\t\t<div class=\"elementor-widget-container\">\n\t\t\t\t\t\t\t\t\t\t\t\t\t\t\t<img fetchpriority=\"high\" decoding=\"async\" width=\"640\" height=\"360\" src=\"https:\/\/cliniqueint.com\/wp-content\/uploads\/2022\/10\/pediatre.jpg\" class=\"attachment-large size-large wp-image-1533\" alt=\"\" srcset=\"https:\/\/cliniqueint.com\/wp-content\/uploads\/2022\/10\/pediatre.jpg 800w, https:\/\/cliniqueint.com\/wp-content\/uploads\/2022\/10\/pediatre-300x169.jpg 300w, https:\/\/cliniqueint.com\/wp-content\/uploads\/2022\/10\/pediatre-768x432.jpg 768w\" sizes=\"(max-width: 640px) 100vw, 640px\" \/>\t\t\t\t\t\t\t\t\t\t\t\t\t\t\t<\/div>\n\t\t\t\t<\/div>\n\t\t\t\t\t<\/div>\n\t\t<\/div>\n\t\t\t\t<div class=\"elementor-column elementor-col-50 elementor-top-column elementor-element elementor-element-fe748ea\" data-id=\"fe748ea\" data-element_type=\"column\">\n\t\t\t<div class=\"elementor-widget-wrap elementor-element-populated\">\n\t\t\t\t\t\t<div class=\"elementor-element elementor-element-c4dfaf2 elementor-widget elementor-widget-text-editor\" data-id=\"c4dfaf2\" data-element_type=\"widget\" data-widget_type=\"text-editor.default\">\n\t\t\t\t<div class=\"elementor-widget-container\">\n\t\t\t\t\t\t\t\t\t<p>La Clinique Internationale est une r\u00e9f\u00e9rence dans le domaine du d\u00e9veloppement de l\u2019enfant. Par notre offre, compl\u00e8te et accessible, de services m\u00e9dicaux, nous aidons quotidiennement des enfants de 0 \u00e0 14 ans \u00e0 grandir, en soutenant leur sant\u00e9 et leur \u00e9panouissement.<\/p><p>Nous r\u00e9pondons aux besoins m\u00e9dicaux de vos enfants et nous veillons \u00e0 ce qu\u2019ils atteignent leurs objectifs de croissance et de d\u00e9veloppement. De plus, nous vous donnons les conseils, les enseignements ainsi que les ressources dont vous aurez besoin pour \u00e9galement les assister dans leur croissance et dans leur d\u00e9veloppement.<\/p><p>Pour le traitement de vos enfants, nous utilisons une approche multidisciplinaire : nous nous assurons qu\u2019il y ait une collaboration optimale entre tous les intervenants qui gravitent autour d\u2019eux, et ce, afin de travailler de mani\u00e8re concert\u00e9e et efficace.<\/p>\t\t\t\t\t\t\t\t<\/div>\n\t\t\t\t<\/div>\n\t\t\t\t\t<\/div>\n\t\t<\/div>\n\t\t\t\t\t<\/div>\n\t\t<\/section>\n\t\t\t\t<\/div>\n\t\t","protected":false},"excerpt":{"rendered":"<p>P\u00e9diatrie La Clinique Internationale est une r\u00e9f\u00e9rence dans le domaine du d\u00e9veloppement de l\u2019enfant. Par notre offre, compl\u00e8te et accessible, de services m\u00e9dicaux, nous aidons quotidiennement des enfants de 0 \u00e0 14 ans \u00e0 grandir, en soutenant leur sant\u00e9 et leur \u00e9panouissement. Nous r\u00e9pondons aux besoins m\u00e9dicaux de vos enfants et nous veillons \u00e0 ce [&hellip;]<\/p>\n","protected":false},"author":1,"featured_media":0,"parent":0,"menu_order":0,"comment_status":"closed","ping_status":"closed","template":"elementor_header_footer","meta":{"footnotes":""},"class_list":["post-1433","page","type-page","status-publish","hentry"],"_links":{"self":[{"href":"https:\/\/cliniqueint.com\/index.php\/wp-json\/wp\/v2\/pages\/1433","targetHints":{"allow":["GET"]}}],"collection":[{"href":"https:\/\/cliniqueint.com\/index.php\/wp-json\/wp\/v2\/pages"}],"about":[{"href":"https:\/\/cliniqueint.com\/index.php\/wp-json\/wp\/v2\/types\/page"}],"author":[{"embeddable":true,"href":"https:\/\/cliniqueint.com\/index.php\/wp-json\/wp\/v2\/users\/1"}],"replies":[{"embeddable":true,"href":"https:\/\/cliniqueint.com\/index.php\/wp-json\/wp\/v2\/comments?post=1433"}],"version-history":[{"count":7,"href":"https:\/\/cliniqueint.com\/index.php\/wp-json\/wp\/v2\/pages\/1433\/revisions"}],"predecessor-version":[{"id":1537,"href":"https:\/\/cliniqueint.com\/index.php\/wp-json\/wp\/v2\/pages\/1433\/revisions\/1537"}],"wp:attachment":[{"href":"https:\/\/cliniqueint.com\/index.php\/wp-json\/wp\/v2\/media?parent=1433"}],"curies":[{"name":"wp","href":"https:\/\/api.w.org\/{rel}","templated":true}]}}