{"id":1422,"date":"2022-09-25T09:16:10","date_gmt":"2022-09-25T09:16:10","guid":{"rendered":"https:\/\/cliniqueint.com\/?page_id=1422"},"modified":"2022-10-01T09:52:19","modified_gmt":"2022-10-01T09:52:19","slug":"medecine-generale","status":"publish","type":"page","link":"https:\/\/cliniqueint.com\/index.php\/medecine-generale\/","title":{"rendered":"M\u00e9decine G\u00e9n\u00e9rale"},"content":{"rendered":"\t\t<div data-elementor-type=\"wp-page\" data-elementor-id=\"1422\" class=\"elementor elementor-1422\">\n\t\t\t\t\t\t<section class=\"elementor-section elementor-top-section elementor-element elementor-element-4a0a0ee elementor-section-boxed elementor-section-height-default elementor-section-height-default\" data-id=\"4a0a0ee\" data-element_type=\"section\">\n\t\t\t\t\t\t<div class=\"elementor-container elementor-column-gap-default\">\n\t\t\t\t\t<div class=\"elementor-column elementor-col-100 elementor-top-column elementor-element elementor-element-7946a60\" data-id=\"7946a60\" data-element_type=\"column\">\n\t\t\t<div class=\"elementor-widget-wrap elementor-element-populated\">\n\t\t\t\t\t\t<div class=\"elementor-element elementor-element-9ff81ef elementor-widget elementor-widget-heading\" data-id=\"9ff81ef\" data-element_type=\"widget\" data-widget_type=\"heading.default\">\n\t\t\t\t<div class=\"elementor-widget-container\">\n\t\t\t\t\t<h2 class=\"elementor-heading-title elementor-size-default\">M\u00e9decine G\u00e9n\u00e9rale<\/h2>\t\t\t\t<\/div>\n\t\t\t\t<\/div>\n\t\t\t\t\t<\/div>\n\t\t<\/div>\n\t\t\t\t\t<\/div>\n\t\t<\/section>\n\t\t\t\t<section class=\"elementor-section elementor-top-section elementor-element elementor-element-76438cf elementor-section-boxed elementor-section-height-default elementor-section-height-default\" data-id=\"76438cf\" data-element_type=\"section\">\n\t\t\t\t\t\t<div class=\"elementor-container elementor-column-gap-default\">\n\t\t\t\t\t<div class=\"elementor-column elementor-col-50 elementor-top-column elementor-element elementor-element-3e897ea\" data-id=\"3e897ea\" data-element_type=\"column\">\n\t\t\t<div class=\"elementor-widget-wrap elementor-element-populated\">\n\t\t\t\t\t\t<div class=\"elementor-element elementor-element-bb03b75 elementor-widget elementor-widget-image\" data-id=\"bb03b75\" data-element_type=\"widget\" data-widget_type=\"image.default\">\n\t\t\t\t<div class=\"elementor-widget-container\">\n\t\t\t\t\t\t\t\t\t\t\t\t\t\t\t<img fetchpriority=\"high\" decoding=\"async\" width=\"640\" height=\"360\" src=\"https:\/\/cliniqueint.com\/wp-content\/uploads\/2022\/10\/general-1024x576.jpg\" class=\"attachment-large size-large wp-image-1529\" alt=\"\" srcset=\"https:\/\/cliniqueint.com\/wp-content\/uploads\/2022\/10\/general-1024x576.jpg 1024w, https:\/\/cliniqueint.com\/wp-content\/uploads\/2022\/10\/general-300x169.jpg 300w, https:\/\/cliniqueint.com\/wp-content\/uploads\/2022\/10\/general-768x432.jpg 768w, https:\/\/cliniqueint.com\/wp-content\/uploads\/2022\/10\/general.jpg 1200w\" sizes=\"(max-width: 640px) 100vw, 640px\" \/>\t\t\t\t\t\t\t\t\t\t\t\t\t\t\t<\/div>\n\t\t\t\t<\/div>\n\t\t\t\t\t<\/div>\n\t\t<\/div>\n\t\t\t\t<div class=\"elementor-column elementor-col-50 elementor-top-column elementor-element elementor-element-a015f72\" data-id=\"a015f72\" data-element_type=\"column\">\n\t\t\t<div class=\"elementor-widget-wrap elementor-element-populated\">\n\t\t\t\t\t\t<div class=\"elementor-element elementor-element-a749a24 elementor-widget elementor-widget-text-editor\" data-id=\"a749a24\" data-element_type=\"widget\" data-widget_type=\"text-editor.default\">\n\t\t\t\t<div class=\"elementor-widget-container\">\n\t\t\t\t\t\t\t\t\t<p>\u00c0 la CI on est responsables de la sant\u00e9 et du bien-\u00eatre g\u00e9n\u00e9ral de la famille. Avec des m\u00e9decins g\u00e9n\u00e9ralistes capables de traiter la plupart des maladies et des probl\u00e8mes de sant\u00e9 courants. On fournit \u00e9galement des conseils pr\u00e9ventifs qui peuvent vous aider \u00e0 \u00e9viter diff\u00e9rentes maladies ou affections li\u00e9es au mode de vie. Chez la CI, nous avons une \u00e9quipe d\u2019experts internationaux de M\u00e9decins de Famille priv\u00e9s qui peut vous aider \u00e0 garder votre famille en forme et en bonne sant\u00e9. Nous offrons des traitements et des services centr\u00e9s sur le patient. Notre objectif est d\u2019am\u00e9liorer votre qualit\u00e9 de vie globale et de vous proposer un soutien m\u00e9dical constant.<\/p>\t\t\t\t\t\t\t\t<\/div>\n\t\t\t\t<\/div>\n\t\t\t\t\t<\/div>\n\t\t<\/div>\n\t\t\t\t\t<\/div>\n\t\t<\/section>\n\t\t\t\t<\/div>\n\t\t","protected":false},"excerpt":{"rendered":"<p>M\u00e9decine G\u00e9n\u00e9rale \u00c0 la CI on est responsables de la sant\u00e9 et du bien-\u00eatre g\u00e9n\u00e9ral de la famille. Avec des m\u00e9decins g\u00e9n\u00e9ralistes capables de traiter la plupart des maladies et des probl\u00e8mes de sant\u00e9 courants. On fournit \u00e9galement des conseils pr\u00e9ventifs qui peuvent vous aider \u00e0 \u00e9viter diff\u00e9rentes maladies ou affections li\u00e9es au mode de [&hellip;]<\/p>\n","protected":false},"author":1,"featured_media":0,"parent":0,"menu_order":0,"comment_status":"closed","ping_status":"closed","template":"elementor_header_footer","meta":{"footnotes":""},"class_list":["post-1422","page","type-page","status-publish","hentry"],"_links":{"self":[{"href":"https:\/\/cliniqueint.com\/index.php\/wp-json\/wp\/v2\/pages\/1422","targetHints":{"allow":["GET"]}}],"collection":[{"href":"https:\/\/cliniqueint.com\/index.php\/wp-json\/wp\/v2\/pages"}],"about":[{"href":"https:\/\/cliniqueint.com\/index.php\/wp-json\/wp\/v2\/types\/page"}],"author":[{"embeddable":true,"href":"https:\/\/cliniqueint.com\/index.php\/wp-json\/wp\/v2\/users\/1"}],"replies":[{"embeddable":true,"href":"https:\/\/cliniqueint.com\/index.php\/wp-json\/wp\/v2\/comments?post=1422"}],"version-history":[{"count":10,"href":"https:\/\/cliniqueint.com\/index.php\/wp-json\/wp\/v2\/pages\/1422\/revisions"}],"predecessor-version":[{"id":1532,"href":"https:\/\/cliniqueint.com\/index.php\/wp-json\/wp\/v2\/pages\/1422\/revisions\/1532"}],"wp:attachment":[{"href":"https:\/\/cliniqueint.com\/index.php\/wp-json\/wp\/v2\/media?parent=1422"}],"curies":[{"name":"wp","href":"https:\/\/api.w.org\/{rel}","templated":true}]}}