{"id":1378,"date":"2022-09-25T09:11:28","date_gmt":"2022-09-25T09:11:28","guid":{"rendered":"https:\/\/cliniqueint.com\/?page_id=1378"},"modified":"2022-10-01T09:52:47","modified_gmt":"2022-10-01T09:52:47","slug":"laboratoire","status":"publish","type":"page","link":"https:\/\/cliniqueint.com\/index.php\/laboratoire\/","title":{"rendered":"Laboratoire"},"content":{"rendered":"\t\t<div data-elementor-type=\"wp-page\" data-elementor-id=\"1378\" class=\"elementor elementor-1378\">\n\t\t\t\t\t\t<section class=\"elementor-section elementor-top-section elementor-element elementor-element-1e8f0ac elementor-section-boxed elementor-section-height-default elementor-section-height-default\" data-id=\"1e8f0ac\" data-element_type=\"section\">\n\t\t\t\t\t\t<div class=\"elementor-container elementor-column-gap-default\">\n\t\t\t\t\t<div class=\"elementor-column elementor-col-100 elementor-top-column elementor-element elementor-element-f76cce5\" data-id=\"f76cce5\" data-element_type=\"column\">\n\t\t\t<div class=\"elementor-widget-wrap elementor-element-populated\">\n\t\t\t\t\t\t<div class=\"elementor-element elementor-element-223c5ea elementor-widget elementor-widget-heading\" data-id=\"223c5ea\" data-element_type=\"widget\" data-widget_type=\"heading.default\">\n\t\t\t\t<div class=\"elementor-widget-container\">\n\t\t\t\t\t<h2 class=\"elementor-heading-title elementor-size-default\">Laboratoire<\/h2>\t\t\t\t<\/div>\n\t\t\t\t<\/div>\n\t\t\t\t\t<\/div>\n\t\t<\/div>\n\t\t\t\t\t<\/div>\n\t\t<\/section>\n\t\t\t\t<section class=\"elementor-section elementor-top-section elementor-element elementor-element-6922d16 elementor-section-boxed elementor-section-height-default elementor-section-height-default\" data-id=\"6922d16\" data-element_type=\"section\">\n\t\t\t\t\t\t<div class=\"elementor-container elementor-column-gap-default\">\n\t\t\t\t\t<div class=\"elementor-column elementor-col-50 elementor-top-column elementor-element elementor-element-78a4df3\" data-id=\"78a4df3\" data-element_type=\"column\">\n\t\t\t<div class=\"elementor-widget-wrap elementor-element-populated\">\n\t\t\t\t\t\t<div class=\"elementor-element elementor-element-b2433fd elementor-widget elementor-widget-image\" data-id=\"b2433fd\" data-element_type=\"widget\" data-widget_type=\"image.default\">\n\t\t\t\t<div class=\"elementor-widget-container\">\n\t\t\t\t\t\t\t\t\t\t\t\t\t\t\t<img fetchpriority=\"high\" decoding=\"async\" width=\"640\" height=\"427\" src=\"https:\/\/cliniqueint.com\/wp-content\/uploads\/2022\/10\/labo-1024x683.jpeg\" class=\"attachment-large size-large wp-image-1534\" alt=\"\" srcset=\"https:\/\/cliniqueint.com\/wp-content\/uploads\/2022\/10\/labo-1024x683.jpeg 1024w, https:\/\/cliniqueint.com\/wp-content\/uploads\/2022\/10\/labo-300x200.jpeg 300w, https:\/\/cliniqueint.com\/wp-content\/uploads\/2022\/10\/labo-768x513.jpeg 768w, https:\/\/cliniqueint.com\/wp-content\/uploads\/2022\/10\/labo-1536x1025.jpeg 1536w, https:\/\/cliniqueint.com\/wp-content\/uploads\/2022\/10\/labo-2048x1367.jpeg 2048w\" sizes=\"(max-width: 640px) 100vw, 640px\" \/>\t\t\t\t\t\t\t\t\t\t\t\t\t\t\t<\/div>\n\t\t\t\t<\/div>\n\t\t\t\t\t<\/div>\n\t\t<\/div>\n\t\t\t\t<div class=\"elementor-column elementor-col-50 elementor-top-column elementor-element elementor-element-9824b97\" data-id=\"9824b97\" data-element_type=\"column\">\n\t\t\t<div class=\"elementor-widget-wrap elementor-element-populated\">\n\t\t\t\t\t\t<div class=\"elementor-element elementor-element-4e30045 elementor-widget elementor-widget-text-editor\" data-id=\"4e30045\" data-element_type=\"widget\" data-widget_type=\"text-editor.default\">\n\t\t\t\t<div class=\"elementor-widget-container\">\n\t\t\t\t\t\t\t\t\t<p>Le test m\u00e9dical et le diagnostic constituent un aspect important du processus de traitement. Les m\u00e9decins doivent \u00e9tudier votre sang, votre urine et d\u2019autres rapports afin de d\u00e9terminer la cause premi\u00e8re de la maladie et d\u2019\u00e9laborer un plan de traitement appropri\u00e9. \u00c0 la CI, nous fournissons des services de laboratoire sur place et pouvons effectuer tous les tests n\u00e9cessaires. Les services de test sont effectu\u00e9s par une \u00e9quipe d\u2019expertises internationales. Nous avons tous le mat\u00e9riel, l\u2019\u00e9quipement et le personnel n\u00e9cessaires pour fournir des rapports d\u00e9taill\u00e9s du diagnostic.<\/p>\t\t\t\t\t\t\t\t<\/div>\n\t\t\t\t<\/div>\n\t\t\t\t\t<\/div>\n\t\t<\/div>\n\t\t\t\t\t<\/div>\n\t\t<\/section>\n\t\t\t\t<\/div>\n\t\t","protected":false},"excerpt":{"rendered":"<p>Laboratoire Le test m\u00e9dical et le diagnostic constituent un aspect important du processus de traitement. Les m\u00e9decins doivent \u00e9tudier votre sang, votre urine et d\u2019autres rapports afin de d\u00e9terminer la cause premi\u00e8re de la maladie et d\u2019\u00e9laborer un plan de traitement appropri\u00e9. \u00c0 la CI, nous fournissons des services de laboratoire sur place et pouvons [&hellip;]<\/p>\n","protected":false},"author":1,"featured_media":0,"parent":0,"menu_order":0,"comment_status":"closed","ping_status":"closed","template":"elementor_header_footer","meta":{"footnotes":""},"class_list":["post-1378","page","type-page","status-publish","hentry"],"_links":{"self":[{"href":"https:\/\/cliniqueint.com\/index.php\/wp-json\/wp\/v2\/pages\/1378","targetHints":{"allow":["GET"]}}],"collection":[{"href":"https:\/\/cliniqueint.com\/index.php\/wp-json\/wp\/v2\/pages"}],"about":[{"href":"https:\/\/cliniqueint.com\/index.php\/wp-json\/wp\/v2\/types\/page"}],"author":[{"embeddable":true,"href":"https:\/\/cliniqueint.com\/index.php\/wp-json\/wp\/v2\/users\/1"}],"replies":[{"embeddable":true,"href":"https:\/\/cliniqueint.com\/index.php\/wp-json\/wp\/v2\/comments?post=1378"}],"version-history":[{"count":13,"href":"https:\/\/cliniqueint.com\/index.php\/wp-json\/wp\/v2\/pages\/1378\/revisions"}],"predecessor-version":[{"id":1541,"href":"https:\/\/cliniqueint.com\/index.php\/wp-json\/wp\/v2\/pages\/1378\/revisions\/1541"}],"wp:attachment":[{"href":"https:\/\/cliniqueint.com\/index.php\/wp-json\/wp\/v2\/media?parent=1378"}],"curies":[{"name":"wp","href":"https:\/\/api.w.org\/{rel}","templated":true}]}}